{"id":1223,"date":"2024-03-19T20:34:17","date_gmt":"2024-03-19T19:34:17","guid":{"rendered":"https:\/\/pavon.dk\/?page_id=1223"},"modified":"2024-03-22T14:22:45","modified_gmt":"2024-03-22T13:22:45","slug":"racebeskrivelse","status":"publish","type":"page","link":"https:\/\/pavon.dk\/?page_id=1223","title":{"rendered":"Racebeskrivelse"},"content":{"rendered":"<h1>Shar Pei&#8217;en<\/h1>\n<h2>Egenskaber<\/h2>\n<p><img decoding=\"async\" src=\"http:\/\/sharpeiklubben.dk\/images\/c9270ca2-c540-471f-a931-f8b06c3b961b.jpg\" alt=\"\" \/><\/p>\n<p>Shar Pei\u2019en er rolig, loyal og meget k\u00e6rlig over for sin familie, og s\u00e5 har den sin egen mening om, hvad den vil \u2013 og specielt ikke vil. Det siges, at hvis en Shar Pei ikke er renlig, n\u00e5r den er 3 m\u00e5neder er der noget galt. Lufteture og interval skal \u2013 som med andre hvalpe &#8211; naturligvis tilpasses hundens alder. Shar Pei\u2019en er en \u201d\u00e6gte\u201d kineser, og det ser du ved dens v\u00e6rdige gang.<\/p>\n<p>Racen er ikke kendt for at \u00f8del\u00e6gge ting. Man skal dog som ejer af en Shar Pei (som med andre hunde) l\u00e6re den, hvad den m\u00e5 og ikke m\u00e5 ved hj\u00e6lp af stemmen. En Shar Pei vil behandles p\u00e6nt og med v\u00e6rdighed, og den finder sig ikke i at blive rusket i eller r\u00e5bt ad. Hvis man f\u00f8lger disse f\u00e5 r\u00e5d f\u00e5r man en dejlig, rolig, glad og samarbejdsvillig hund. Nogle Shar Pei\u2019er skal lige se g\u00e6sterne an, f\u00f8r de f\u00e5r lov at r\u00f8re hunden. Shar Pei\u2019en er meget t\u00e5lmodig, n\u00e5r den er sammen med b\u00f8rn, og hvis b\u00f8rnene g\u00e5r over hundens gr\u00e6nser, rejser hunden sig og g\u00e5r sin vej. Hvis der er optr\u00e6k til ballade med en anden hund, vender Shar Pei\u2019en typisk sit hoved til siden i h\u00e5b om, at den anden hund forst\u00e5r sproget: \u201dJeg \u00f8nsker ikke at sl\u00e5s\u201d.<\/p>\n<p>Nogle hunde opfatter Shar Pei\u2019en som dominant og truende p\u00e5 grund af de h\u00f8jtst\u00e5ende \u00f8rer og hale. En Shar Pei er meget nysgerrig, og hvis den ser folk p\u00e5 sine g\u00e5ture parkerer den med hele sin v\u00e6gt, til den har f\u00e5et sin nysgerrig stillet. Man skulle nogle gange tro, at den har \u201dpigge\u201d p\u00e5 f\u00f8dderne, idet den er sv\u00e6r at flytte, hvis der er noget, der skal unders\u00f8ges n\u00e6rmere.<\/p>\n<p>En gang Shar Pei &#8211; altid Shar Pei. Har man f\u00f8rst v\u00e6ret ejet af en Shar Pei, er det sv\u00e6rt at skifte race. En Shar Pei er s\u00e5 speciel og anderledes fra andre racer: den er meget renlig, v\u00e6rdig og har helt sin egen mening.<\/p>\n<p>Desv\u00e6rre sl\u00e5s racen med en masse problemer, som er fremavlet gennem tiden. Nogle er meget reserverede og egner sig bedst som familiehund \u2013 hvorimod andre er meget mere k\u00e6kke og im\u00f8dekommende. Derudover tager det mange \u00e5r, at f\u00e5 avlet sunde gener frem, og hvor andre racer har v\u00e6ret fremavlet i flere hundrede \u00e5r, er Shar Pei\u2019en stadig ung i det avlsarbejde, der er sat i gang med at f\u00e5 sunde og raske hunde \u2013 et arbejde, der kan tage mange \u00e5r.<\/p>\n<p>Shar Pei\u2019en er legesyg og venlig b\u00e5de over for sin familie, som mod hjemmets andre dyr. De kan dog sj\u00e6ldent fordrage naboens kat. Man skulle tro, at den store mule h\u00e6mmer dens lugtesans \u2013 men nej \u2013 den kan lugte en kat p\u00e5 kilometers afstand. Shar Pei\u2019en elsker at g\u00e5 ture \u2013 lange som korte, og de kan sagtens deltage i familiens l\u00f8beture, ligesom den ogs\u00e5 gerne l\u00f8ber ved siden af cyklen. L\u00f8be- og cykelture skal dog \u2013 som med andre hunde \u2013 tilpasses hundens alder.<\/p>\n<p>Shar Pei\u2019en viser vagthunden i sig med sin dybe g\u00f8en, n\u00e5r nogen n\u00e6rmer sig dens hjem.<\/p>\n<p>Shar Pei\u2019en elsker varme, og finder sig gerne en solrig plads i haven, men den g\u00e5r heller ikke af vejen for en tur i familiens sofa.<\/p>\n<p>Du kan sagtens g\u00e5 til tr\u00e6ning med din Shar Pei \u2013 b\u00e5de lydighedstr\u00e6ning og agility. Dog skal du v\u00e6re opm\u00e6rksom p\u00e5, at hunden ikke vil v\u00e6rdige sig til at g\u00f8re de samme \u00f8velser gang p\u00e5 gang. Hvis man eksempelvis g\u00e5r til agility, er en Shar Pei oftest af den opfattelse, at banen rundt 3 gange er nok, og hvis man som ejer ikke \u00e6ndrer programmet, finder den selv p\u00e5 andre ting at muntre sig med i stedet.<\/p>\n","protected":false},"excerpt":{"rendered":"<p>Shar Pei&#8217;en Egenskaber Shar Pei\u2019en er rolig, loyal og meget k\u00e6rlig over for sin familie, og s\u00e5 har den sin egen mening om, hvad den vil \u2013 og specielt ikke vil. Det siges, at hvis en Shar Pei ikke er renlig, n\u00e5r den er 3 m\u00e5neder er der noget galt. Lufteture og interval skal \u2013 [&hellip;]<\/p>\n","protected":false},"author":1,"featured_media":0,"parent":0,"menu_order":0,"comment_status":"closed","ping_status":"closed","template":"","meta":{"ocean_post_layout":"","ocean_both_sidebars_style":"","ocean_both_sidebars_content_width":0,"ocean_both_sidebars_sidebars_width":0,"ocean_sidebar":"","ocean_second_sidebar":"","ocean_disable_margins":"enable","ocean_add_body_class":"","ocean_shortcode_before_top_bar":"","ocean_shortcode_after_top_bar":"","ocean_shortcode_before_header":"","ocean_shortcode_after_header":"","ocean_has_shortcode":"","ocean_shortcode_after_title":"","ocean_shortcode_before_footer_widgets":"","ocean_shortcode_after_footer_widgets":"","ocean_shortcode_before_footer_bottom":"","ocean_shortcode_after_footer_bottom":"","ocean_display_top_bar":"default","ocean_display_header":"default","ocean_header_style":"","ocean_center_header_left_menu":"","ocean_custom_header_template":"","ocean_custom_logo":0,"ocean_custom_retina_logo":0,"ocean_custom_logo_max_width":0,"ocean_custom_logo_tablet_max_width":0,"ocean_custom_logo_mobile_max_width":0,"ocean_custom_logo_max_height":0,"ocean_custom_logo_tablet_max_height":0,"ocean_custom_logo_mobile_max_height":0,"ocean_header_custom_menu":"","ocean_menu_typo_font_family":"","ocean_menu_typo_font_subset":"","ocean_menu_typo_font_size":0,"ocean_menu_typo_font_size_tablet":0,"ocean_menu_typo_font_size_mobile":0,"ocean_menu_typo_font_size_unit":"px","ocean_menu_typo_font_weight":"","ocean_menu_typo_font_weight_tablet":"","ocean_menu_typo_font_weight_mobile":"","ocean_menu_typo_transform":"","ocean_menu_typo_transform_tablet":"","ocean_menu_typo_transform_mobile":"","ocean_menu_typo_line_height":0,"ocean_menu_typo_line_height_tablet":0,"ocean_menu_typo_line_height_mobile":0,"ocean_menu_typo_line_height_unit":"","ocean_menu_typo_spacing":0,"ocean_menu_typo_spacing_tablet":0,"ocean_menu_typo_spacing_mobile":0,"ocean_menu_typo_spacing_unit":"","ocean_menu_link_color":"","ocean_menu_link_color_hover":"","ocean_menu_link_color_active":"","ocean_menu_link_background":"","ocean_menu_link_hover_background":"","ocean_menu_link_active_background":"","ocean_menu_social_links_bg":"","ocean_menu_social_hover_links_bg":"","ocean_menu_social_links_color":"","ocean_menu_social_hover_links_color":"","ocean_disable_title":"default","ocean_disable_heading":"default","ocean_post_title":"","ocean_post_subheading":"","ocean_post_title_style":"","ocean_post_title_background_color":"","ocean_post_title_background":0,"ocean_post_title_bg_image_position":"","ocean_post_title_bg_image_attachment":"","ocean_post_title_bg_image_repeat":"","ocean_post_title_bg_image_size":"","ocean_post_title_height":0,"ocean_post_title_bg_overlay":0.5,"ocean_post_title_bg_overlay_color":"","ocean_disable_breadcrumbs":"default","ocean_breadcrumbs_color":"","ocean_breadcrumbs_separator_color":"","ocean_breadcrumbs_links_color":"","ocean_breadcrumbs_links_hover_color":"","ocean_display_footer_widgets":"default","ocean_display_footer_bottom":"default","ocean_custom_footer_template":"","footnotes":""},"categories":[],"tags":[],"class_list":["post-1223","page","type-page","status-publish","hentry","entry"],"_links":{"self":[{"href":"https:\/\/pavon.dk\/index.php?rest_route=\/wp\/v2\/pages\/1223","targetHints":{"allow":["GET"]}}],"collection":[{"href":"https:\/\/pavon.dk\/index.php?rest_route=\/wp\/v2\/pages"}],"about":[{"href":"https:\/\/pavon.dk\/index.php?rest_route=\/wp\/v2\/types\/page"}],"author":[{"embeddable":true,"href":"https:\/\/pavon.dk\/index.php?rest_route=\/wp\/v2\/users\/1"}],"replies":[{"embeddable":true,"href":"https:\/\/pavon.dk\/index.php?rest_route=%2Fwp%2Fv2%2Fcomments&post=1223"}],"version-history":[{"count":0,"href":"https:\/\/pavon.dk\/index.php?rest_route=\/wp\/v2\/pages\/1223\/revisions"}],"wp:attachment":[{"href":"https:\/\/pavon.dk\/index.php?rest_route=%2Fwp%2Fv2%2Fmedia&parent=1223"}],"wp:term":[{"taxonomy":"category","embeddable":true,"href":"https:\/\/pavon.dk\/index.php?rest_route=%2Fwp%2Fv2%2Fcategories&post=1223"},{"taxonomy":"post_tag","embeddable":true,"href":"https:\/\/pavon.dk\/index.php?rest_route=%2Fwp%2Fv2%2Ftags&post=1223"}],"curies":[{"name":"wp","href":"https:\/\/api.w.org\/{rel}","templated":true}]}}