{"id":1938,"date":"2024-03-23T12:00:58","date_gmt":"2024-03-23T11:00:58","guid":{"rendered":"https:\/\/pavon.dk\/?page_id=1938"},"modified":"2024-03-23T19:22:55","modified_gmt":"2024-03-23T18:22:55","slug":"vedtaegter","status":"publish","type":"page","link":"https:\/\/pavon.dk\/?page_id=1938","title":{"rendered":"Vedt\u00e6gter"},"content":{"rendered":"<p>NAVN OG HJEMSTED<\/p>\n<p>\u00a71. Klubbens navn er Dansk Sharpei Klub, og er stiftet 12.06.2004 <br \/>Stk. 2<br \/>Klubbens hjemsted er formandens addresse <br \/>Stk. 3<br \/>Klubben er en specialklub, der er anerkendt af og samarbejder med Dansk Kennel Klub. DKK&#8217;s love og tilh\u00f8rende reglementer<br \/>har forrang for specialklubbens vedt\u00e6gter og den mellem parterne i medf\u00f8r af \u00a76, stk. 2, i DKK&#8217;s love oprettede overenskomst.<\/p>\n<p>ORGANISATION<br \/>\u00a7 2. Klubben er organiseret s\u00e5ledes:<\/p>\n<p>a) \u00a718 urafstemning<br \/>b) \u00a7 11 &#8211; \u00a714 generalforsamling<br \/>c) \u00a7 7 &#8211; \u00a79 bestyrelse<br \/>d) \u00a75 medlemmer<\/p>\n<p>KLUBBENS FORM\u00c5L<br \/>\u00a7 3. Klubben har til form\u00e5l i samarbejde med DKK og i overensstemmelse med DKK\u2019s<br \/>form\u00e5l og internationale forpligtelser at arbejde for at fremme kendskabet til Shar Pei og gennem <br \/>oplysning om hensigtsm\u00e6ssig avl at bidrage til at bevare og\/eller forbedre racens kvalitet i <br \/>forhold til FCI-standarden, herunder sundhed, temperament, eksteri\u00f8r og brugsegenskaber.<br \/>Stk. 2.<br \/>Derudover skal klubben v\u00e6re et f\u00e6llesskab for Shar Pei ejere i forhold til information, vejledning, <br \/>viden om racen samt socialt samv\u00e6r i den udstr\u00e6kning der er behov for det hos medlemmerne.<\/p>\n<p>AVLSARBEJDE<br \/>\u00a7 4. Dansk Shar Pei Klub er DKK&#8217;s sagkyndige inden for avlsarbejdet vedr\u00f8rende Shar<br \/>Pei. Stk. 2.<br \/>Klubben er berettiget til efter aftale med DKK at fasts\u00e6tte specielle regler for avlsarbejdet med klubbens race.<br \/>Stk. 3.<br \/>Avlsforbud og restriktioner kan indf\u00f8res, hvis arvem\u00e6ssige begrundelser herfor foreligger.<br \/>S\u00e5danne forbud og restriktioner kr\u00e6ver dog godkendelse fra DKK\u2019s sundhedsudvalg, inden de iv\u00e6rks\u00e6ttes.<\/p>\n<p>MEDLEMSSKAB<br \/>INDMELDELSE<br \/>\u00a7 5. Som medlem kan optages enhver, der opfylder betingelserne for optagelse i DKK. \u00c6resmedlemmer, <br \/>der udn\u00e6vnes af generalforsamlingen efter indstilling fra bestyrelsen, er kontingentfrie.<br \/>Stk. 2.<br \/>DKK&#8217;s formand og direkt\u00f8r er kontingentfrie medlemmer af klubben, dog uden stemmeret. De har p\u00e5 <br \/>klubbens generalforsamling og \u00f8vrige arrangementer taleret og kan lade sig repr\u00e6sentere ved stedfortr\u00e6der.<br \/>Stk. 3.<br \/>Stemmeberettigede i alle klubbens anliggender er samtlige medlemmer, der i mindst 6 m\u00e5neder har <br \/>v\u00e6ret medlem af klubben, og som ikke er i kontingentrestance.<br \/>Stk. 4.<br \/>Medlemskab oph\u00f8rer ved skriftlig udmeldelse, der kan ske med 1 m\u00e5neds varsel til den 31. december. <br \/>Stk. 5.<br \/>Er kontingent ikke indbetalt senest den 10. februar, slettes vedkommende uden varsel som medlem. <br \/>Ved senere indbetaling betragtes vedkommende som nyt medlem med hensyn til stemmeret og valgbarhed.<\/p>\n<p>KONTINGENT<br \/>\u00a7 6. Generalforsamlingen fasts\u00e6tter det \u00e5rlige kontingent. <br \/>Stk. 2.<br \/>Kontingentet betales forud for et \u00e5r ad gangen og opkr\u00e6ves senest i januar m\u00e5ned hvert \u00e5r. <br \/>Kontingentet skal v\u00e6re betalt senest den 10. februar for at gives stemmeret til den ordin\u00e6re generalforsamling. <br \/>\u00c6resmedlemmer, der udn\u00e6vnes af bestyrelsen, er kontingentfrie.<br \/>Stk. 3.<br \/>For hvert ekstra familiemedlem med samme bop\u00e6l fasts\u00e6ttes kontingent af generalforsamlingen.<br \/>Stk. 4.<br \/>Opdr\u00e6ttere, der er medlem af specialklubben, kan indmelde hvalpek\u00f8bere ved at betale halvt kontingent. <br \/>Indmeldelsen skal ske inden hvalpen er 9 m\u00e5neder gammel. <br \/>Stk. 5.<br \/>Ved indmeldelse i klubben efter den 1. august betales halvt kontingent.<br \/>Dette g\u00e6lder dog ikke familiemedlemmer i husstandsmedlemskab.<\/p>\n<p>BESTYRELSE<br \/>BESTYRELSENS SAMMENS\u00c6TNING<br \/>\u00a7 7. Klubben ledes af en bestyrelse p\u00e5 5 medlemmer, som varetager klubbens interesser og<br \/>forvalter dens midler. Samtlige medlemmer af bestyrelsen skal v\u00e6re medlemmer af DKK. <br \/>Stk. 2.<br \/>Valgbare til bestyrelsen er alle stemmeberettigede medemmer, jf. \u00a7 5, stk. 3, og \u00a7 6, stk. 2, der <br \/>er fyldt 18 \u00e5r.<\/p>\n<p>VALG TIL BESTYRELSEN<br \/>\u00a7 8. Bestyrelsesmedlemmer v\u00e6lges for 2 \u00e5r ad gangen, suppleanter for 1 \u00e5r ad gangen. <br \/>Stk. 2.<br \/>I ulige \u00e5r v\u00e6lges der 3 medlemmer til bestyrelsen, og i lige \u00e5r 2 medlemmer til bestyrelsen. Hvert <br \/>\u00e5r v\u00e6lges der 2 suppleanter. Genvalg kan finde sted.<br \/>Stk. 3.<br \/>Valget sker ved skriftlig urafstemning f\u00f8r den ordin\u00e6re generalforsamling. Valget afg\u00f8res ved <br \/>simpelt, relativt stemmeflertal. Ved stemmelighed foretages fornyet afstemning vedr\u00f8rende<br \/>de p\u00e5g\u00e6ldende blandt de tilstedev\u00e6rende stemmeberettigede p\u00e5 generalforsamlingen. <br \/>I tilf\u00e6lde af fornyet stemmelighed foretages lodtr\u00e6kning. <br \/>De til bestyrelsen foresl\u00e5ede kandidater, der ikke opn\u00e5r valg, indtr\u00e6der efter stemmetal som henholdsvis 1. og 2. suppleant.<br \/>Stk. 4.<br \/>En suppleant der indtr\u00e6der i bestyrelsen i stedet for et afg\u00e5et bestyrelsesmedlem, indtr\u00e6der i <br \/>bestyrelsesmedlemmets valgturnus.<br \/>Stk. 5.<br \/>I tilf\u00e6lde af at bestyrelsen bliver undertallig, efter at de valgte suppleanter er indtr\u00e5dt, kan <br \/>bestyrelsen supplere sig selv indtil f\u00f8rstkommende ordin\u00e6re generalforsamling. <br \/>Stk. 6.<br \/>Skriftlige forslag til kandidater til bestyrelsen skal v\u00e6re klubbens formand eller sekret\u00e6r i h\u00e6nde <br \/>senest 4 uger f\u00f8r generalforsamlingen. Forslag skal v\u00e6re stillet af mindst 3<br \/>medlemmer, hvis navne kan offentligg\u00f8res i forbindelse med udsendelse af stemmesedler. <br \/>Stk. 7.<br \/>Er der ved fristens udl\u00f8b ikke opstillet det n\u00f8dvendige antal kandidater til s\u00e5vel <br \/>bestyrelsesmedlemmer som suppleanter, skal valget ske ved supplerende valg p\u00e5 klubbens<br \/>ordin\u00e6re generalforsamling. <br \/>Stk. 8.<br \/>Stemmesedler udsendes til alle stemmeberettigede medlemmer, jf. \u00a7 5, stk. 3, og \u00a7 6, stk. 2, senest 10 dage,<br \/>f\u00f8r generalforsamlingen.<br \/>Stemmesedler kan afleveres personligt p\u00e5 generalforsamlingen eller sendes til klubbens sekret\u00e6r.<br \/>Ved fremsendelse skal stemmesedlen v\u00e6re sekret\u00e6ren i h\u00e6nde senest 2 dage f\u00f8r generalforsamlingen.<br \/>Stk. 9.<br \/>Stemmesedlerne \u00e5bnes og opt\u00e6lles p\u00e5 generalforsamlingen af de af generalforsamlingen valgte stemmet\u00e6llere.<\/p>\n<p>BESTYRELSENS ARBEJDE<br \/>\u00a7 9. Bestyrelsen tiltr\u00e6der umiddelbart efter generalforsamlingens afslutning. <br \/>Stk. 2.<br \/>Bestyrelsen konstituerer sig selv med formand, n\u00e6stformand, kasserer og sekret\u00e6r og fasts\u00e6tter selv <br \/>sin forretningsorden. Omkonstituering kan finde sted.<br \/>stk. 3.<br \/>Bestyrelsen tr\u00e6ffer afg\u00f8relser i alle forhold, der ikke udtrykkeligt henh\u00f8rer under <br \/>generalforsamlingen eller urafstemning.<br \/>Stk. 4.<br \/>Beslutninger i bestyrelsen tr\u00e6ffes ved simpelt, relativt stemmeflertal. Bestyrelsen er <br \/>beslutningsdygtig, n\u00e5r mindst halvdelen af bestyrelsesmedlemmerne er til stede.<br \/>Stk. 5.<br \/>Klubben forpligtes ved underskrift af 1 eller 2 bestyrelsesmedlemmer, hvoraf den ene skal v\u00e6re <br \/>formand eller n\u00e6stformand. De 2 bestyrelsesmedlemmer m\u00e5 ikke v\u00e6re fra samme husstand.<br \/>Klubben h\u00e6fter som juridisk person alene med sin formue. Bestyrelsen kan meddele prokura til <br \/>formand, n\u00e6stformand, kasserer og\/eller sekret\u00e6r.<br \/>Stk. 6.<br \/>Bestyrelsesm\u00f8der afholdes s\u00e5 ofte det af formanden eller bestyrelsen sk\u00f8nnes n\u00f8dvendigt.<br \/>Stk. 7.<br \/>Der tages referat af bestyrelsesm\u00f8derne. Referatet underskrives af deltagerne og et <br \/>beslutningsreferat fra hvert bestyrelsesm\u00f8de offentligg\u00f8res i n\u00e6stf\u00f8lgende nummer af klubbens <br \/>medlemsblad eller p\u00e5 anden m\u00e5de.<br \/>Stk. 8.<br \/>Bestyrelsen er bemyndiget til at neds\u00e6tte udvalg best\u00e5ende af et hensigtsm\u00e6ssigt antal af klubbens <br \/>medlemmer til behandling af ethvert anliggende.<br \/>Stk. 8b.<br \/>Hvert arbejdsudvalg best\u00e5r af 3-7 medlemmer af klubben. Arbejdsudvalgene konstituerer sig selv og <br \/>arbejder efter bestyrelsens retningslinjer og\/eller direktiver. <br \/>Stk. 9.<br \/>Bestyrelseshverv er ul\u00f8nnet, men bestyrelsen kan f\u00e5 refunderet udgifter, som dokumenterbart er <br \/>afholdt i klubbens tjeneste.<br \/>Stk. 10.<br \/>Klubbens repr\u00e6sentanter til DKK&#8217;s repr\u00e6sentantskab udpeges af bestyrelsen og skal v\u00e6re medlemmer af DKK.<\/p>\n<p>REGNSKAB<br \/>\u00a7 10. Klubbens regnskabs\u00e5r er kalender\u00e5ret. <br \/>Stk. 2.<br \/>Regnskabet, der skal opg\u00f8res i overensstemmelse med god regnskabsskik, forel\u00e6gges revisoren senest <br \/>den 15. februar.<br \/>Stk. 3. <br \/>Tegningsberettige for foreningen er formanden i forening med kasserer.<\/p>\n<p>GENERALFORSAMLING<br \/>ORDIN\u00c6R GENERALFORSAMLING<br \/>\u00a7 11. Ordin\u00e6r generalforsamling afholdes hvert \u00e5r senest den 30. april. Bestyrelsen beslutter <br \/>placeringen af generalforsamlingen.<br \/>Stk. 2.<br \/>Bestyrelsen bestemmer tid og sted for den ordin\u00e6re generalforsamling og indkalder skriftligt til <br \/>denne med mindst 6 ugers varsel. Indkaldelsen skal indeholde oplysning om tid og<br \/>sted, dagsorden samt oplysning om, hvilke bestyrelsesmedlemmer, der er p\u00e5 valg, og om disse er villige, til at modtage genvalg.<br \/>Stk. 3.<br \/>Forslag, der \u00f8nskes behandlet p\u00e5 generalforsamlingen, skal v\u00e6re klubbens formand eller sekret\u00e6r i h\u00e6nde senest 4 uger f\u00f8r generalforsamlingen.<br \/>Stk. 4.<br \/>Skriftlige forslag til kandidater til bestyrelsen skal v\u00e6re klubbens formand eller sekret\u00e6r i h\u00e6nde <br \/>senest 4 uger f\u00f8r generalforsamlingen, jf. \u00a7 8, stk. 6.<br \/>Stk. 5.<br \/>Senest 10 dage f\u00f8r generalforsamlingen udsendes f\u00f8lgende materiale til medlemmerne:<br \/>* Det reviderede regnskab<br \/>* Stemmesedler<br \/>* Evt. forslag til generalforsamlingsbeslutning<br \/>* Formandens beretning.<\/p>\n<p>DAGSORDEN FOR DEN ORDIN\u00c6RE GENERALFORSAMLING<br \/>\u00a7 12. Dagsordenen for den ordin\u00e6re generalforsamling skal mindst indeholde f\u00f8lgende punkter:<br \/>1. Valg af dirigent<br \/>2. Valg af referent<br \/>3. Valg af mindst 2 stemmet\u00e6llere<br \/>4. Formandens beretning<br \/>5. Forel\u00e6ggelse af det reviderede regnskab til godkendelse og meddelelse af ansvarsfrihed<br \/>(decharge)<br \/>6. Budgetbehandling og fremtidig virksomhed, herunder fasts\u00e6ttelse af kontingent<br \/>7. Behandling af indkomne forslag<br \/>8. Offentligg\u00f8relse af valg til bestyrelse og suppleanter.<br \/>9. Valg af revisor og revisorsuppleant<br \/>10. Eventuelt<\/p>\n<p>AFSTEMNING P\u00c5 GENERALFORSAMLING<br \/>\u00a7 13. Vedtagelser p\u00e5 generalforsamlingen sker ved simpelt, relativt stemmeflertal, jf. dog stk.<br \/>2 samt \u00a7\u00a7 18-19. Skriftlig afstemning skal finde sted, n\u00e5r et af de tilstedev\u00e6rende medlemmer<br \/>forlanger det. <br \/>Stk. 2.<br \/>Lov\u00e6ndringer kan kun vedtages med en majoritet p\u00e5 2\/3 af de p\u00e5 generalforsamlingen repr\u00e6senterede <br \/>medlemmer. Vedtages forslaget p\u00e5 generalforsamlingen, skal det til en skriftlig urafstemning blandt klubbens <br \/>stemmeberettigede medlemmer. Ved urafstemningen kan \u00e6ndringerne vedtages ved simpelt, <br \/>relativt stemmeflertal, idet dog blanke stemmer ikke medregnes. Lov\u00e6ndringer tr\u00e6der i kraft, <br \/>n\u00e5r de er godkendt af DKK. <br \/>Stk. 3.<br \/>Husstandsmedlemmer kan indbyrdes afgive stemme ved fuldmagt.<\/p>\n<p>EKSTRAORDIN\u00c6R GENERALFORSAMLING<br \/>\u00a7 14. Ekstraordin\u00e6r generalforsamling finder sted, n\u00e5r bestyrelsen finder det n\u00f8dvendigt, eller<br \/>n\u00e5r 25 % af de stemmeberettigede medlemmer indgiver skriftlig anmodning herom med angivelse af de emner, <br \/>der \u00f8nskes behandlet.<br \/>Stk. 2.<br \/>Ekstraordin\u00e6r generalforsamling med angivelse af dagsorden indkaldes senest 4 uger efter, at <br \/>bestyrelsen har modtaget anmodningen, med mindst 3 ugers varsel til afholdelse senest 6 uger efter <br \/>udsendelsen af indkaldelsen.<br \/>Stk. 3.<br \/>Der kan ikke behandles andre emner p\u00e5 en ekstraordin\u00e6r generalforsamling end de i dagsordenen <br \/>indeholdte.<br \/>Stk. 4.<br \/>Vedtagelser p\u00e5 en ekstraordin\u00e6r generalforsamling sker som anf\u00f8rt i \u00a7 13<\/p>\n<p>DISCIPLIN\u00c6RSAGER<br \/>\u00a7 15. Har et medlem overtr\u00e5dt g\u00e6ldende regler, jvf. DKK\u2019s til enhver tid g\u00e6ldende love, kan<br \/>der tr\u00e6ffes disciplin\u00e6re foranstaltninger over for vedkommende.<\/p>\n<p>DISCIPLIN\u00c6RE FORANSTANTLINGER<br \/>\u00a7 16. S\u00e5danne foranstaltninger kan best\u00e5 i:<br \/>a) Tildeling af:<br \/>1) misbilligelse<br \/>2) eller advarsel<br \/>b) Frakendelse af kennelm\u00e6rke<br \/>c) Frakendelse af tillidshverv<br \/>d) Udelukkelse fra deltagelse i skuer, udstillinger og pr\u00f8ver<br \/>e) Udelukkelse fra adgang til stambogsf\u00f8ring<br \/>f) Eksklusion.<br \/>g) Nedl\u00e6ggelse af avlsforbud Stk. 2.<br \/>Dansk Shar Pei Klubs bestyrelse kan bringe sanktionerne under punkterne a) i anvendelse.<br \/>\u00d8vrige punkter kan kun bringes i anvendelse af DKK\u2019s disciplin\u00e6rn\u00e6vn. Der henvises i \u00f8vrigt<br \/>til de til enhver tid g\u00e6ldende bestemmelser i DKK\u2019s love om disciplin\u00e6re foranstaltninger.<\/p>\n<p>MIDLERTIDIGE DISCIPLIN\u00c6RE FORANSTANTLINGER<br \/>\u00a7 17. Bestyrelsen kan, n\u00e5r grundlaget for en disciplin\u00e6rsag er til stede, og n\u00e5r hurtig indgriben <br \/>sk\u00f8nnes n\u00f8dvendig, indstille til DKK&#8217;s bestyrelse, at der tr\u00e6ffes midlertidig beslutning om<br \/>foranstaltning over for den eller de indklagede i overensstemmelse med DKK&#8217;s love \u00a7 28. Stk. 2.<br \/>En s\u00e5dan midlertidig beslutning har gyldighed, indtil disciplin\u00e6rn\u00e6vnets kendelse foreligger, dog <br \/>h\u00f8jst i 6 m\u00e5neder.<\/p>\n<p>URAFSTEMNINGER<br \/>\u00a7 18. Bestyrelsen kan, n\u00e5r den finder anledning dertil, lade ethvert sp\u00f8rgsm\u00e5l endeligt afg\u00f8re<br \/>ved skriftlig urafstemning blandt klubbens stemmeberettigede medlemmer. <br \/>Stk. 2.<br \/>Forslag, herunder lov\u00e6ndringsforslag, udsendes til de stemmeberettigede medlemmer sammen med <br \/>autoriserede stemme sedler, der returneres til klubbens formand eller sekret\u00e6r<br \/>senest 14 dage efter udsendelsen, jf. dog \u00a7 8, stk. 7.<br \/>Stk. 3.<br \/>Mindst 3 bestyrelsesmedlemmer eller 2 bestyrelses- medlemmer og revisoren skal v\u00e6re til stede, n\u00e5r <br \/>stemmesedlerne \u00e5bnes.<br \/>Stk. 4.<br \/>Forslagsstillerne eller repr\u00e6sentanter for disse skal indbydes til at overv\u00e6re \u00e5bningen og <br \/>opt\u00e6llingen af stemmesedlerne.<\/p>\n<p>OPL\u00d8SNING AF KLUBBEN<br \/>\u00a7 19. Bestemmelse om klubbens opl\u00f8sning kan kun finde sted p\u00e5 en i dette<br \/>\u00f8jemed s\u00e6rligt indkaldt generalforsamling. For vedtagelse af forslaget kr\u00e6ves 3\/4 majoritet af de <br \/>afgivne stemmer. Bliver forslaget vedtaget, skal vedtagelsen bekr\u00e6ftes ved en urafstemning med samme majoritet.<br \/>Stk. 2.<br \/>Bestemmelse om anvendelse af klubbens formue tr\u00e6ffes p\u00e5 den ekstraordin\u00e6re generalforsamling efter <br \/>indstilling fra bestyrelsen. Formuen skal anvendes til gavn for hundesagen i henhold til <br \/>form\u00e5lsparagraffen.<\/p>\n<p>KOMMUNIKATION<br \/>\u00a7 20. Klubben anvender elektronisk dokumentudveksling og elektronisk post (elektronisk <br \/>kommunikation) i sin kommunikation med medlemmerne. Klubben kan endvidere til enhver tid<br \/>v\u00e6lge at kommunikere med almindelig brevpost. <br \/>Stk. 2.<br \/>Elektronisk kommunikation kan af klubben anvendes til alle meddelelser og dokumenter, som i henhold <br \/>til klubbens vedt\u00e6gter og\/eller relevant lovgivning skal udveksles mellem klubben og medlemmerne,<br \/>herunder for eksempel indkaldelse til ordin\u00e6r og ekstraordin\u00e6r generalforsamling med tilh\u00f8rende dagsorden<br \/>og fuldst\u00e6ndige forslag, fuldmagter samt i \u00f8vrigt generelle oplysninger fra klubben til medlemmerne. <br \/>Generelle dokumenter og meddelelser l\u00e6gges p\u00e5 klubbens hjemmeside og tilsendes <br \/>medlemmerne pr. e-mail i det omfang, det er p\u00e5kr\u00e6vet.<br \/>Stk. 3.<br \/>Det er det enkelte medlems ansvar at sikre, at klubben er i besiddelse af korrekt e-mail <br \/>adresse(r).<\/p>\n<p>IKRAFTTR\u00c6DEN<br \/>\u00a7 21. Ovenst\u00e5ende love er vedtaget p\u00e5 generalforsamling den 20. april 2013 og efterf\u00f8lgende <br \/>urafstemning (med \u00e6ndring af flg. :\u00a71, \u00a71. stk.1,<br \/>\u00a72. a),b),c) og d), \u00a73. , \u00a74., \u00a74.stk.2, \u00a7 5.,stk.2, \u00a7 6. stk.2, \u00a7 6. stk.3,<br \/>\u00a7 8. stk.4, 7, 8 og 9, \u00a79.stk.4, stk.5 og stk.9, \u00a711., \u00a713, stk.3, \u00a7 16. a) og g) stk. 2, 20., \u00a7 <br \/>20.stk.2 og stk. 3, \u00a7 21.stk. 2). Stk. 2.<br \/>Lovene er godkendt af DKK den xx .xx.2013og tr\u00e6der i kraft den xx.xx.2013<\/p>\n","protected":false},"excerpt":{"rendered":"<p>NAVN OG HJEMSTED \u00a71. Klubbens navn er Dansk Sharpei Klub, og er stiftet 12.06.2004 Stk. 2Klubbens hjemsted er formandens addresse Stk. 3Klubben er en specialklub, der er anerkendt af og samarbejder med Dansk Kennel Klub. DKK&#8217;s love og tilh\u00f8rende reglementerhar forrang for specialklubbens vedt\u00e6gter og den mellem parterne i medf\u00f8r af \u00a76, stk. 2, i [&hellip;]<\/p>\n","protected":false},"author":1,"featured_media":0,"parent":0,"menu_order":0,"comment_status":"closed","ping_status":"closed","template":"","meta":{"ocean_post_layout":"right-sidebar","ocean_both_sidebars_style":"","ocean_both_sidebars_content_width":0,"ocean_both_sidebars_sidebars_width":0,"ocean_sidebar":"ocs-om-klubben","ocean_second_sidebar":"","ocean_disable_margins":"enable","ocean_add_body_class":"","ocean_shortcode_before_top_bar":"","ocean_shortcode_after_top_bar":"","ocean_shortcode_before_header":"","ocean_shortcode_after_header":"","ocean_has_shortcode":"","ocean_shortcode_after_title":"","ocean_shortcode_before_footer_widgets":"","ocean_shortcode_after_footer_widgets":"","ocean_shortcode_before_footer_bottom":"","ocean_shortcode_after_footer_bottom":"","ocean_display_top_bar":"default","ocean_display_header":"default","ocean_header_style":"","ocean_center_header_left_menu":"","ocean_custom_header_template":"","ocean_custom_logo":0,"ocean_custom_retina_logo":0,"ocean_custom_logo_max_width":0,"ocean_custom_logo_tablet_max_width":0,"ocean_custom_logo_mobile_max_width":0,"ocean_custom_logo_max_height":0,"ocean_custom_logo_tablet_max_height":0,"ocean_custom_logo_mobile_max_height":0,"ocean_header_custom_menu":"","ocean_menu_typo_font_family":"","ocean_menu_typo_font_subset":"","ocean_menu_typo_font_size":0,"ocean_menu_typo_font_size_tablet":0,"ocean_menu_typo_font_size_mobile":0,"ocean_menu_typo_font_size_unit":"px","ocean_menu_typo_font_weight":"","ocean_menu_typo_font_weight_tablet":"","ocean_menu_typo_font_weight_mobile":"","ocean_menu_typo_transform":"","ocean_menu_typo_transform_tablet":"","ocean_menu_typo_transform_mobile":"","ocean_menu_typo_line_height":0,"ocean_menu_typo_line_height_tablet":0,"ocean_menu_typo_line_height_mobile":0,"ocean_menu_typo_line_height_unit":"","ocean_menu_typo_spacing":0,"ocean_menu_typo_spacing_tablet":0,"ocean_menu_typo_spacing_mobile":0,"ocean_menu_typo_spacing_unit":"","ocean_menu_link_color":"","ocean_menu_link_color_hover":"","ocean_menu_link_color_active":"","ocean_menu_link_background":"","ocean_menu_link_hover_background":"","ocean_menu_link_active_background":"","ocean_menu_social_links_bg":"","ocean_menu_social_hover_links_bg":"","ocean_menu_social_links_color":"","ocean_menu_social_hover_links_color":"","ocean_disable_title":"default","ocean_disable_heading":"default","ocean_post_title":"","ocean_post_subheading":"","ocean_post_title_style":"","ocean_post_title_background_color":"","ocean_post_title_background":0,"ocean_post_title_bg_image_position":"","ocean_post_title_bg_image_attachment":"","ocean_post_title_bg_image_repeat":"","ocean_post_title_bg_image_size":"","ocean_post_title_height":0,"ocean_post_title_bg_overlay":0.5,"ocean_post_title_bg_overlay_color":"","ocean_disable_breadcrumbs":"default","ocean_breadcrumbs_color":"","ocean_breadcrumbs_separator_color":"","ocean_breadcrumbs_links_color":"","ocean_breadcrumbs_links_hover_color":"","ocean_display_footer_widgets":"default","ocean_display_footer_bottom":"default","ocean_custom_footer_template":"","footnotes":""},"categories":[],"tags":[],"class_list":["post-1938","page","type-page","status-publish","hentry","entry"],"_links":{"self":[{"href":"https:\/\/pavon.dk\/index.php?rest_route=\/wp\/v2\/pages\/1938","targetHints":{"allow":["GET"]}}],"collection":[{"href":"https:\/\/pavon.dk\/index.php?rest_route=\/wp\/v2\/pages"}],"about":[{"href":"https:\/\/pavon.dk\/index.php?rest_route=\/wp\/v2\/types\/page"}],"author":[{"embeddable":true,"href":"https:\/\/pavon.dk\/index.php?rest_route=\/wp\/v2\/users\/1"}],"replies":[{"embeddable":true,"href":"https:\/\/pavon.dk\/index.php?rest_route=%2Fwp%2Fv2%2Fcomments&post=1938"}],"version-history":[{"count":0,"href":"https:\/\/pavon.dk\/index.php?rest_route=\/wp\/v2\/pages\/1938\/revisions"}],"wp:attachment":[{"href":"https:\/\/pavon.dk\/index.php?rest_route=%2Fwp%2Fv2%2Fmedia&parent=1938"}],"wp:term":[{"taxonomy":"category","embeddable":true,"href":"https:\/\/pavon.dk\/index.php?rest_route=%2Fwp%2Fv2%2Fcategories&post=1938"},{"taxonomy":"post_tag","embeddable":true,"href":"https:\/\/pavon.dk\/index.php?rest_route=%2Fwp%2Fv2%2Ftags&post=1938"}],"curies":[{"name":"wp","href":"https:\/\/api.w.org\/{rel}","templated":true}]}}