{"id":1974,"date":"2024-03-23T20:00:46","date_gmt":"2024-03-23T19:00:46","guid":{"rendered":"https:\/\/pavon.dk\/?page_id=1974"},"modified":"2024-10-07T09:55:19","modified_gmt":"2024-10-07T07:55:19","slug":"sponsorer","status":"publish","type":"page","link":"https:\/\/pavon.dk\/?page_id=1974","title":{"rendered":"Sponsorer"},"content":{"rendered":"<a style=\"background-color: #f0c14b; color: white; padding: 10px 15px; border-radius: 5px; text-decoration: none; margin-bottom: 20px; display: inline-block;\" href=\"https:\/\/pavon.dk\/\">Forside<\/a>\n\n\n<h2 class=\"wp-block-heading\">Vores sponsorere 2024<\/h2>\n\n\n\n<figure class=\"wp-block-image size-large\"><img decoding=\"async\" src=\"https:\/\/pavon.dk\/wp-content\/uploads\/2024\/10\/Vores-sponsorer-sharpeiklubben.dk_-477x1024.png\" alt=\"\" class=\"wp-image-3087\"\/><\/figure>\n\n\n\n<h1 class=\"wp-block-heading\">Bliv sponsor i klubbladet<\/h1>\n\n\n\n<p>Som medlem er det ogs\u00e5 muligt at f\u00e5 annoncer i bladet. Det kan v\u00e6re en reklame for et firma,<br>for et kommende hvalpekuld, for flotte resultater i udstillingsringen eller anden hundesport.<br>Man kan ogs\u00e5 benytte annoncepladsen til at sende klubbens \u00f8vrige medlemmer en hilsen i forbindelse med jul og nyt\u00e5r eller andet.<br>Prisen for at f\u00e5 en annonce i vores medlemsblad er:<br>1\/4 side : 75 kr<br>1\/2 side : 150 kr<br>1 hel side: 300 kr<\/p>\n\n\n\n<h2 class=\"wp-block-heading\">Bliv sponsor til udstillinger<\/h2>\n\n\n\n<div class=\"wp-block-media-text is-stacked-on-mobile\"><figure class=\"wp-block-media-text__media\"><img decoding=\"async\" src=\"https:\/\/pavon.dk\/wp-content\/uploads\/2024\/10\/IMG_9535-1024x683.jpg\" alt=\"\" class=\"wp-image-3084 size-full\"\/><\/figure><div class=\"wp-block-media-text__content\">\n<p>Dansk Shar Pei klub arrangerer klubudstillinger flere gange om \u00e5ret, hvor klubben har brug for sponsorer. Til selve udstillingerne har vi sponsorgaver til vinderne af de enkelte klasser, og til Shar Pei dagen arrangerer vi ogs\u00e5 et lotteri hvor der er masser af sponsorgaver.<br>Alle sponsorerne kommer i vores medlemsblad og kan ogs\u00e5 ses her p\u00e5 vores hjemmeside. Kunne du t\u00e6nke dig at v\u00e6re sponsor, eller kender nogen som g\u00f8r, s\u00e5 send bestyrelsen en mail p\u00e5: <a href=\"mailto:bestyrelsen@sharpeiklubben.dk\">bestyrelsen@sharpeiklubben.dk<\/a> hvor du fort\u00e6ller lidt om hvad du vil sponsorere og s\u00e5 vender vi tilbage til dig.<\/p>\n<\/div><\/div>\n\n\n\n<p><\/p>\n","protected":false},"excerpt":{"rendered":"<p>Forside Vores sponsorere 2024 Bliv sponsor i klubbladet Som medlem er det ogs\u00e5 muligt at f\u00e5 annoncer i bladet. Det kan v\u00e6re en reklame for et firma,for et kommende hvalpekuld, for flotte resultater i udstillingsringen eller anden hundesport.Man kan ogs\u00e5 benytte annoncepladsen til at sende klubbens \u00f8vrige medlemmer en hilsen i forbindelse med jul og [&hellip;]<\/p>\n","protected":false},"author":1,"featured_media":0,"parent":0,"menu_order":0,"comment_status":"closed","ping_status":"closed","template":"","meta":{"ocean_post_layout":"left-sidebar","ocean_both_sidebars_style":"","ocean_both_sidebars_content_width":0,"ocean_both_sidebars_sidebars_width":0,"ocean_sidebar":"ocs-om-klubben","ocean_second_sidebar":"","ocean_disable_margins":"enable","ocean_add_body_class":"","ocean_shortcode_before_top_bar":"","ocean_shortcode_after_top_bar":"","ocean_shortcode_before_header":"","ocean_shortcode_after_header":"","ocean_has_shortcode":"","ocean_shortcode_after_title":"","ocean_shortcode_before_footer_widgets":"","ocean_shortcode_after_footer_widgets":"","ocean_shortcode_before_footer_bottom":"","ocean_shortcode_after_footer_bottom":"","ocean_display_top_bar":"default","ocean_display_header":"default","ocean_header_style":"","ocean_center_header_left_menu":"","ocean_custom_header_template":"","ocean_custom_logo":0,"ocean_custom_retina_logo":0,"ocean_custom_logo_max_width":0,"ocean_custom_logo_tablet_max_width":0,"ocean_custom_logo_mobile_max_width":0,"ocean_custom_logo_max_height":0,"ocean_custom_logo_tablet_max_height":0,"ocean_custom_logo_mobile_max_height":0,"ocean_header_custom_menu":"","ocean_menu_typo_font_family":"","ocean_menu_typo_font_subset":"","ocean_menu_typo_font_size":0,"ocean_menu_typo_font_size_tablet":0,"ocean_menu_typo_font_size_mobile":0,"ocean_menu_typo_font_size_unit":"px","ocean_menu_typo_font_weight":"","ocean_menu_typo_font_weight_tablet":"","ocean_menu_typo_font_weight_mobile":"","ocean_menu_typo_transform":"","ocean_menu_typo_transform_tablet":"","ocean_menu_typo_transform_mobile":"","ocean_menu_typo_line_height":0,"ocean_menu_typo_line_height_tablet":0,"ocean_menu_typo_line_height_mobile":0,"ocean_menu_typo_line_height_unit":"","ocean_menu_typo_spacing":0,"ocean_menu_typo_spacing_tablet":0,"ocean_menu_typo_spacing_mobile":0,"ocean_menu_typo_spacing_unit":"","ocean_menu_link_color":"","ocean_menu_link_color_hover":"","ocean_menu_link_color_active":"","ocean_menu_link_background":"","ocean_menu_link_hover_background":"","ocean_menu_link_active_background":"","ocean_menu_social_links_bg":"","ocean_menu_social_hover_links_bg":"","ocean_menu_social_links_color":"","ocean_menu_social_hover_links_color":"","ocean_disable_title":"default","ocean_disable_heading":"default","ocean_post_title":"","ocean_post_subheading":"","ocean_post_title_style":"","ocean_post_title_background_color":"","ocean_post_title_background":0,"ocean_post_title_bg_image_position":"","ocean_post_title_bg_image_attachment":"","ocean_post_title_bg_image_repeat":"","ocean_post_title_bg_image_size":"","ocean_post_title_height":0,"ocean_post_title_bg_overlay":0.5,"ocean_post_title_bg_overlay_color":"","ocean_disable_breadcrumbs":"default","ocean_breadcrumbs_color":"","ocean_breadcrumbs_separator_color":"","ocean_breadcrumbs_links_color":"","ocean_breadcrumbs_links_hover_color":"","ocean_display_footer_widgets":"default","ocean_display_footer_bottom":"default","ocean_custom_footer_template":"","footnotes":""},"categories":[],"tags":[],"class_list":["post-1974","page","type-page","status-publish","hentry","entry"],"_links":{"self":[{"href":"https:\/\/pavon.dk\/index.php?rest_route=\/wp\/v2\/pages\/1974","targetHints":{"allow":["GET"]}}],"collection":[{"href":"https:\/\/pavon.dk\/index.php?rest_route=\/wp\/v2\/pages"}],"about":[{"href":"https:\/\/pavon.dk\/index.php?rest_route=\/wp\/v2\/types\/page"}],"author":[{"embeddable":true,"href":"https:\/\/pavon.dk\/index.php?rest_route=\/wp\/v2\/users\/1"}],"replies":[{"embeddable":true,"href":"https:\/\/pavon.dk\/index.php?rest_route=%2Fwp%2Fv2%2Fcomments&post=1974"}],"version-history":[{"count":6,"href":"https:\/\/pavon.dk\/index.php?rest_route=\/wp\/v2\/pages\/1974\/revisions"}],"predecessor-version":[{"id":3130,"href":"https:\/\/pavon.dk\/index.php?rest_route=\/wp\/v2\/pages\/1974\/revisions\/3130"}],"wp:attachment":[{"href":"https:\/\/pavon.dk\/index.php?rest_route=%2Fwp%2Fv2%2Fmedia&parent=1974"}],"wp:term":[{"taxonomy":"category","embeddable":true,"href":"https:\/\/pavon.dk\/index.php?rest_route=%2Fwp%2Fv2%2Fcategories&post=1974"},{"taxonomy":"post_tag","embeddable":true,"href":"https:\/\/pavon.dk\/index.php?rest_route=%2Fwp%2Fv2%2Ftags&post=1974"}],"curies":[{"name":"wp","href":"https:\/\/api.w.org\/{rel}","templated":true}]}}