{"id":2300,"date":"2024-09-29T21:08:59","date_gmt":"2024-09-29T19:08:59","guid":{"rendered":"https:\/\/pavon.dk\/?page_id=2300"},"modified":"2024-10-06T20:48:42","modified_gmt":"2024-10-06T18:48:42","slug":"pelstyper-hos-shar-pei","status":"publish","type":"page","link":"https:\/\/pavon.dk\/?page_id=2300","title":{"rendered":"Pelstyper hos Shar Pei"},"content":{"rendered":"\n<p>Af: Maria Hjort<br>Kilder:<br>Cunliffe, C. (2000): Shar Pei, Interpret publishing, pp. 20-21<br>Hunter, D. (1996): Guide to owning a Shar-Pei, T.F.H. Publications, pp. 20<br>Nicholas, A. (1997): Chinese Shar-Pei, T.F.H. Publications, pp. 26<br>Seymour, A. (2015): Shar-Pei, CWP Publishing, pp. 19-20<br>Thorsj\u00f6, A. &amp; K\u00f6m\u00fcves, E. (2006):En skrynklig kompis, Libra arctic, pp.124-126<\/p>\n\n\n\n<p>Der findes tre forskellige pelstyper hos Shar Pei, hvor de 2 er godkendte (standardiseret).<br>Karakteristisk for pelsen generelt er, at den skal v\u00e6re kort, stikkende og strid (max 2,5 cm lang), og helst v\u00e6re \u201dst\u00e5ende\u201d ud fra kroppen og lidt mere flad p\u00e5 lemmerne. Pelsen skal fremst\u00e5 sund, men uden at v\u00e6re skinnende og bl\u00f8d. Shar Pei betyder \u201dsand hud\u201d, hvilket refererer til den ru pels, der er karakteristisk for racen. Der b\u00f8r ikke v\u00e6re underuld, men nogle hunde (is\u00e6r brushcoat) har dog nogen underuld. En Shar Pei der f\u00e6lder, kan se helt ganske forf\u00e6rdelig ud eftersom den manglende underuld giver hunden et plettet udseende i ndtil ny pels vokser ud. Det kan misforst\u00e5s og se sygeligt ud, hvis man ikke ved bedre. Pelsen skal og m\u00e5 ikke trimmes. Uanset hvilken pelstype der er tale om er hvalpepelsen ofte bl\u00f8dere end den pels, der kommer efter f\u00f8rste f\u00e6ldning.<\/p>\n\n\n\n<p><\/p>\n\n\n\n<div class=\"wp-block-media-text has-media-on-the-right is-stacked-on-mobile\"><div class=\"wp-block-media-text__content\">\n<p><strong>Horsecoat (HC)<\/strong><br>Horsecoat er den korteste pelstype og den m\u00e5 max v\u00e6re 1 cm lang. Pelsen b\u00f8r v\u00e6re t\u00e6t og strid. Den f\u00f8les stridere, hvis man b\u00f8rster hunden mod h\u00e5rene. Ofte kan n\u00e6rkontakt med en strid horsecoat give en lokal stikken i huden, og hos nogle mennesker med sensit iv hud, udl\u00f8ser pelsen kl\u00f8e og r\u00f8dme. Horsecoat er et dominant gen\u2013 hvilket betyder, at uanset hvilken pelstype man parrer en horsecoat med, s\u00e5 kommer der statistisk set altid horsecoat hvalpe i kuldet.<br><em>Eksempel p\u00e5 en horsecoat shar pei (foto: Maria Hjort)<\/em><\/p>\n<\/div><figure class=\"wp-block-media-text__media\"><img decoding=\"async\" src=\"https:\/\/pavon.dk\/wp-content\/uploads\/billederogfiler\/2024\/09\/eksempelpaahorsecoat.jpg\" alt=\"\" class=\"wp-image-2294 size-full\"\/><\/figure><\/div>\n\n\n\n<div class=\"wp-block-media-text is-stacked-on-mobile\"><figure class=\"wp-block-media-text__media\"><img decoding=\"async\" src=\"https:\/\/pavon.dk\/wp-content\/uploads\/billederogfiler\/2024\/09\/eksempel-paa-brushcoat.jpg\" alt=\"\" class=\"wp-image-2304 size-full\"\/><\/figure><div class=\"wp-block-media-text__content\">\n<p><strong>Brushcoat (BC)<\/strong><br>Bruschcoat er ofte l\u00e6ngere end horsecoat, men m\u00e5 max v\u00e6re 2,5 cm lang. Pelsen fremst\u00e5r bl\u00f8dere end horsecoat, men skal stadig m\u00e6rkes strid, n\u00e5r man stryger imod pelsretningen. Pelsen skal gerne v\u00e6re t\u00e6t, ru og st\u00e5 ud fra kroppen. Brushcoat nedarves recessivt hvilket betyder, at hvalpene skal have genet fra begge for\u00e6ldre for at f\u00e5 brushcoat.<br>To brushcoat Shar Pei kan ikke f\u00e5 horsecoat hvalpe sammen.<br><br><em><strong>Eksempel p\u00e5 en brushcoat Shar Pei (Foto: Maria Hjort).<\/strong><\/em><\/p>\n<\/div><\/div>\n\n\n\n<p><strong>Bearcoat<\/strong><br>Bearcoat er pjusket og lang pels (over 2,5 cm) med en t\u00e6thed og struktur, der minder om en Chow Chows pels \u2013 deraf navnet \u201dbear\u201d, som betyder bj\u00f8rn p\u00e5 engelsk. Mange udtaler fejlagtigt bearcoat som \u201dbeer\u201d- coat, men t\u00e6nker man p\u00e5, hvorfor pelstypen hedder som den g\u00f8r &#8211; er det nemt at huske p\u00e5 den korrekte udtalelse.<\/p>\n\n\n\n<p>Bearcoat er ikke godkendt i standarden, da pelsen anses for v\u00e6rende en fejl hos racen. Genet for bearcoat er recessivt hvilket betyder, at begge for\u00e6ldre skal v\u00e6re b\u00e6rere af genet, og give det videre til deres hvalpe, for at hvalpene f\u00e5r bearcoat. Recessive gener kan vandre i mange led i en stamtavle, og pludselig kan der ved en parring komme et eller flere afkom med bearcoat.<br>Den lange pels menes at stamme fra racen Chow Chow, der p\u00e5 et tidspunkt blev krydset ind for at \u00f8ge Shar Pei \u0301ens genpulje, da der var ganske f\u00e5 eksemplarer af racen tilbage i 60\u00e9rne og 70 \u0301erne.<\/p>\n\n\n\n<p>Det er vigtigt at huske p\u00e5, at bearcoat ikke er en sygdom, men en kosmetisk fejl i forhold til standarden. Desv\u00e6rre anser enkelte opdr\u00e6ttere bearcoat hvalpe som s\u00e6rdeles u\u00f8nskede, og som en sk\u00e6ndsel for racen. Racen har imidlertid mange andre &#8211; og langt mere alvorlige &#8211; problemer s\u00e5som SPAID \u2013 ogs\u00e5 kendt som \u201dShar Pei feber\u201d, entropion og hudproblemer.<\/p>\n\n\n\n<p>Alle sundhedsm\u00e6ssige problemstillinger, der kan p\u00e5virke livskvalitet s\u00e5vel som levetid hos hundene, og som derfor er vigtigere at eliminere. Som familie\/selskabshund er en bearcoat liges\u00e5 god som en horsecoat eller en brushcoat Shar Pei, men den kan ikke udstilles, da pelsl\u00e6ngden er diskvalificerende if\u00f8lge standarden.<\/p>\n\n\n\n<p>Shar Pei med bearcoat b\u00f8r naturligvis ikke bruges i avl og parringer imellem individer, der har givet bearcoat hvalpe, og b\u00f8r derfor af samme \u00e5rsag heller ikke gentages. Der findes ingen gentest for bearcoat, men eftersom genet er recessivt m\u00e5 man formode, at en hel del af vores brushcoat og horsecoat Shar Pei er b\u00e6rere.<br><\/p>\n\n\n\n<div class=\"wp-block-media-text has-media-on-the-right is-stacked-on-mobile\"><div class=\"wp-block-media-text__content\">\n<p>Gr\u00e5: Fri for bearcoat<br>Sort\/gr\u00e5: B\u00e6rer af bearcoat<br>Sort: Bearcoat<br>Eksempel p\u00e5 hvordan et recessivt gen nedarves. S\u00e6tter man bearcoat genet ind i diagrammet som<br>v\u00e6rende den sorte ser man hvordan rigtig mange hvalpe vil v\u00e6re b\u00e6rere af genet (uden at vi kan se det).<br>Alle b\u00e6rere af genet er sort og gr\u00e5 i diagrammet. S\u00e5 det er f\u00f8rst n\u00e5r 2 b\u00e6rere m\u00f8des at der statistisk set kan opst\u00e5 25% hvalpe med bearcoat. Parringerne mellem bearcoat og bearcoat (sort x sort) eller mellem bearcoat og fri\/b\u00e6rer vil og b\u00f8r ikke ske da dette ikke er en standardiseret pels, men illustrationen er vigtig for forst\u00e5elsen af recessive gener og hvordan de kan vandre for generationer<\/p>\n\n\n\n<p><\/p>\n<\/div><figure class=\"wp-block-media-text__media\"><img decoding=\"async\" src=\"https:\/\/pavon.dk\/wp-content\/uploads\/billederogfiler\/2024\/09\/genetik.jpg\" alt=\"\" class=\"wp-image-2298 size-full\"\/><\/figure><\/div>\n\n\n\n<p><strong>Temperament og pelstype.<\/strong><\/p>\n\n\n\n<p>Det menes i \u00f8vrigt, at der hos mange Shar Pei er en direkte forbindelse imellem pelstype og temperament.<\/p>\n\n\n\n<p>Horsecoat Shar Pei \u0301en g\u00e5r for at v\u00e6re den sande diva, og de primitive tr\u00e6k tilbage til, da racen blev anvendt som jagt &#8211; og vagthund skinner ofte igennem. Horsecoat er ofte mere reserverede og vagtsomme, og de ELSKER at solbade (og gerne p\u00e5 sofaen).<\/p>\n\n\n\n<p>Brushcoat er generelt mere \u201dlaid back\u201d end horsecoat Shar Pei \u0301en, og mange har smidt toppen af racens lidt \u201dstand offish\u201d natur, og er mere im\u00f8dekommende overfor fremmede.<\/p>\n\n\n\n<p>Bearcoat Shar Pei har ofte glemt alt om Shar Pei \u0301ens reserverede karakter, og elsker alt og alle. De er udadvendte og utroligt elskv\u00e6rdige.<\/p>\n\n\n\n<p><\/p>\n","protected":false},"excerpt":{"rendered":"<p>Af: Maria HjortKilder:Cunliffe, C. (2000): Shar Pei, Interpret publishing, pp. 20-21Hunter, D. (1996): Guide to owning a Shar-Pei, T.F.H. Publications, pp. 20Nicholas, A. (1997): Chinese Shar-Pei, T.F.H. Publications, pp. 26Seymour, A. (2015): Shar-Pei, CWP Publishing, pp. 19-20Thorsj\u00f6, A. &amp; K\u00f6m\u00fcves, E. (2006):En skrynklig kompis, Libra arctic, pp.124-126 Der findes tre forskellige pelstyper hos Shar Pei, [&hellip;]<\/p>\n","protected":false},"author":1,"featured_media":0,"parent":0,"menu_order":0,"comment_status":"closed","ping_status":"closed","template":"","meta":{"ocean_post_layout":"","ocean_both_sidebars_style":"","ocean_both_sidebars_content_width":0,"ocean_both_sidebars_sidebars_width":0,"ocean_sidebar":"","ocean_second_sidebar":"","ocean_disable_margins":"enable","ocean_add_body_class":"","ocean_shortcode_before_top_bar":"","ocean_shortcode_after_top_bar":"","ocean_shortcode_before_header":"","ocean_shortcode_after_header":"","ocean_has_shortcode":"","ocean_shortcode_after_title":"","ocean_shortcode_before_footer_widgets":"","ocean_shortcode_after_footer_widgets":"","ocean_shortcode_before_footer_bottom":"","ocean_shortcode_after_footer_bottom":"","ocean_display_top_bar":"default","ocean_display_header":"default","ocean_header_style":"","ocean_center_header_left_menu":"","ocean_custom_header_template":"","ocean_custom_logo":0,"ocean_custom_retina_logo":0,"ocean_custom_logo_max_width":0,"ocean_custom_logo_tablet_max_width":0,"ocean_custom_logo_mobile_max_width":0,"ocean_custom_logo_max_height":0,"ocean_custom_logo_tablet_max_height":0,"ocean_custom_logo_mobile_max_height":0,"ocean_header_custom_menu":"","ocean_menu_typo_font_family":"","ocean_menu_typo_font_subset":"","ocean_menu_typo_font_size":0,"ocean_menu_typo_font_size_tablet":0,"ocean_menu_typo_font_size_mobile":0,"ocean_menu_typo_font_size_unit":"px","ocean_menu_typo_font_weight":"","ocean_menu_typo_font_weight_tablet":"","ocean_menu_typo_font_weight_mobile":"","ocean_menu_typo_transform":"","ocean_menu_typo_transform_tablet":"","ocean_menu_typo_transform_mobile":"","ocean_menu_typo_line_height":0,"ocean_menu_typo_line_height_tablet":0,"ocean_menu_typo_line_height_mobile":0,"ocean_menu_typo_line_height_unit":"","ocean_menu_typo_spacing":0,"ocean_menu_typo_spacing_tablet":0,"ocean_menu_typo_spacing_mobile":0,"ocean_menu_typo_spacing_unit":"","ocean_menu_link_color":"","ocean_menu_link_color_hover":"","ocean_menu_link_color_active":"","ocean_menu_link_background":"","ocean_menu_link_hover_background":"","ocean_menu_link_active_background":"","ocean_menu_social_links_bg":"","ocean_menu_social_hover_links_bg":"","ocean_menu_social_links_color":"","ocean_menu_social_hover_links_color":"","ocean_disable_title":"default","ocean_disable_heading":"default","ocean_post_title":"","ocean_post_subheading":"","ocean_post_title_style":"","ocean_post_title_background_color":"","ocean_post_title_background":0,"ocean_post_title_bg_image_position":"","ocean_post_title_bg_image_attachment":"","ocean_post_title_bg_image_repeat":"","ocean_post_title_bg_image_size":"","ocean_post_title_height":0,"ocean_post_title_bg_overlay":0.5,"ocean_post_title_bg_overlay_color":"","ocean_disable_breadcrumbs":"default","ocean_breadcrumbs_color":"","ocean_breadcrumbs_separator_color":"","ocean_breadcrumbs_links_color":"","ocean_breadcrumbs_links_hover_color":"","ocean_display_footer_widgets":"default","ocean_display_footer_bottom":"default","ocean_custom_footer_template":"","footnotes":""},"categories":[],"tags":[],"class_list":["post-2300","page","type-page","status-publish","hentry","entry"],"_links":{"self":[{"href":"https:\/\/pavon.dk\/index.php?rest_route=\/wp\/v2\/pages\/2300","targetHints":{"allow":["GET"]}}],"collection":[{"href":"https:\/\/pavon.dk\/index.php?rest_route=\/wp\/v2\/pages"}],"about":[{"href":"https:\/\/pavon.dk\/index.php?rest_route=\/wp\/v2\/types\/page"}],"author":[{"embeddable":true,"href":"https:\/\/pavon.dk\/index.php?rest_route=\/wp\/v2\/users\/1"}],"replies":[{"embeddable":true,"href":"https:\/\/pavon.dk\/index.php?rest_route=%2Fwp%2Fv2%2Fcomments&post=2300"}],"version-history":[{"count":2,"href":"https:\/\/pavon.dk\/index.php?rest_route=\/wp\/v2\/pages\/2300\/revisions"}],"predecessor-version":[{"id":2997,"href":"https:\/\/pavon.dk\/index.php?rest_route=\/wp\/v2\/pages\/2300\/revisions\/2997"}],"wp:attachment":[{"href":"https:\/\/pavon.dk\/index.php?rest_route=%2Fwp%2Fv2%2Fmedia&parent=2300"}],"wp:term":[{"taxonomy":"category","embeddable":true,"href":"https:\/\/pavon.dk\/index.php?rest_route=%2Fwp%2Fv2%2Fcategories&post=2300"},{"taxonomy":"post_tag","embeddable":true,"href":"https:\/\/pavon.dk\/index.php?rest_route=%2Fwp%2Fv2%2Ftags&post=2300"}],"curies":[{"name":"wp","href":"https:\/\/api.w.org\/{rel}","templated":true}]}}