{"id":2523,"date":"2024-10-03T18:58:47","date_gmt":"2024-10-03T16:58:47","guid":{"rendered":"https:\/\/pavon.dk\/?page_id=2523"},"modified":"2024-10-07T00:22:57","modified_gmt":"2024-10-06T22:22:57","slug":"home-2","status":"publish","type":"page","link":"https:\/\/pavon.dk\/","title":{"rendered":"Forside"},"content":{"rendered":"<div style=\"max-width: 1200px; margin: 0 auto; position: relative; background-image: url('https:\/\/pavon.dk\/wp-content\/uploads\/billederogfiler\/001diverse\/banner-1.png'); background-size: cover; background-position: center; padding: 50px; text-align: center; border-radius: 15px; overflow: hidden;\">\n    <!-- Overlay for bedre tekstl\u00e6sbarhed --><\/p>\n<div style=\"position: absolute; top: 0; left: 0; width: 100%; height: 100%; background-color: rgba(0, 0, 0, 0.5);\"><\/div>\n<p>    <!-- Indhold der g\u00e5r ovenp\u00e5 overlayet --><\/p>\n<div style=\"position: relative; color: white;\">\n<h1 style=\"font-size: 3em; color: #ffffff;\">Velkommen til Dansk Shar Pei Klub<\/h1>\n<p>        Dansk Shar Pei klub, er en specialklub, for alle Shar Pei interesserede. Klubben samarbejder med Dansk Kennel Klub for at varetage racens interesser.<br \/>\n        <a class=\"button\" style=\"background-color: #f0c14b; color: #fff; padding: 10px 20px; border-radius: 5px; text-decoration: none;\" href=\"https:\/\/pavon.dk\/?page_id=413\">L\u00e6s mere om klubben<\/a>\n    <\/div>\n<\/div>\n<p><!-- Sektioner --><\/p>\n<div style=\"display: flex; flex-wrap: wrap; justify-content: space-between; padding: 20px;\">\n    <!-- Sektion 1 --><\/p>\n<div style=\"flex: 1 1 30%; max-width: 30%; text-align: center; margin: 10px; border: 2px solid #f0c14b; border-radius: 10px; padding: 15px;\">\n        <img decoding=\"async\" class=\"\" style=\"border-radius: 15px; width: 100%; height: auto; max-height: 150px; object-fit: contain;\" src=\"https:\/\/pavon.dk\/?attachment_id=3026\" alt=\"Bliv medlem\" \/><\/p>\n<h3 style=\"margin-bottom: 10px;\">Bliv medlem<\/h3>\n<p style=\"margin-bottom: 15px;\">Bliv medlem af Dansk Shar Pei Klub<\/p>\n<p>        <a style=\"background-color: #f0c14b; color: white; padding: 10px 15px; border-radius: 5px; text-decoration: none;\" href=\"https:\/\/pavon.dk\/?page_id=1016\">L\u00e6s mere<\/a>\n    <\/div>\n<p>    <!-- Sektion 2 --><\/p>\n<div style=\"flex: 1 1 30%; max-width: 30%; text-align: center; margin: 10px; border: 2px solid #f0c14b; border-radius: 10px; padding: 15px;\">\n        <img decoding=\"async\" style=\"border-radius: 15px; width: 100%; height: auto; max-height: 150px; object-fit: contain;\" src=\"https:\/\/pavon.dk\/?attachment_id=3035\" alt=\"Hall of Fame\" \/><\/p>\n<h3 style=\"margin-bottom: 10px;\">Hall of Fame<\/h3>\n<p style=\"margin-bottom: 15px;\">Se tidligere vindere af M\u00e5nendens Cover Pei fra Klubbens Facebookgruppe.<\/p>\n<p>        <a style=\"background-color: #f0c14b; color: white; padding: 10px 15px; border-radius: 5px; text-decoration: none;\" href=\"https:\/\/pavon.dk\/?page_id=2156\">Se mere<\/a>\n    <\/div>\n<p>    <!-- Sektion 3 --><\/p>\n<div style=\"flex: 1 1 30%; max-width: 30%; text-align: center; margin: 10px; border: 2px solid #f0c14b; border-radius: 10px; padding: 15px;\">\n        <img decoding=\"async\" class=\"\" style=\"border-radius: 15px; width: 100%; height: auto; max-height: 150px; object-fit: contain;\" src=\"https:\/\/pavon.dk\/?attachment_id=3030\" alt=\"Opdr\u00e6t og sundhed\" \/><\/p>\n<h3 style=\"margin-bottom: 10px;\">Hvalpe<\/h3>\n<p style=\"margin-bottom: 15px;\">Kommende kuld og hvalpeliste.<\/p>\n<p>        <a style=\"background-color: #f0c14b; color: white; padding: 10px 15px; border-radius: 5px; text-decoration: none;\" href=\"https:\/\/pavon.dk\/?page_id=1253\">L\u00e6s mere<\/a>\n    <\/div>\n<p>    <!-- Sektion 4 --><\/p>\n<div style=\"flex: 1 1 30%; max-width: 30%; text-align: center; margin: 10px; border: 2px solid #f0c14b; border-radius: 10px; padding: 15px;\">\n<h3 style=\"margin-bottom: 10px;\">SPAID Test<\/h3>\n<p style=\"margin-bottom: 15px;\">Skal du have din hund testet for spaid?<\/p>\n<p>        <a style=\"background-color: #f0c14b; color: white; padding: 10px 15px; border-radius: 5px; text-decoration: none;\" href=\"https:\/\/pavon.dk\/?page_id=3051\">L\u00e6s mere<\/a>\n    <\/div>\n<p>    <!-- Sektion 5 --><\/p>\n<div style=\"flex: 1 1 30%; max-width: 30%; text-align: center; margin: 10px; border: 2px solid #f0c14b; border-radius: 10px; padding: 15px;\">\n<h3 style=\"margin-bottom: 10px;\">Poag\/pll test<\/h3>\n<p style=\"margin-bottom: 15px;\">Link til bestilling.<\/p>\n<p>        <a style=\"background-color: #f0c14b; color: white; padding: 10px 15px; border-radius: 5px; text-decoration: none;\" href=\"https:\/\/pavon.dk\/?page_id=3061\">L\u00e6s mere<\/a>\n    <\/div>\n<p>    <!-- Sektion 6 --><\/p>\n<div style=\"flex: 1 1 30%; max-width: 30%; text-align: center; margin: 10px; border: 2px solid #f0c14b; border-radius: 10px; padding: 15px;\">\n<h3 style=\"margin-bottom: 10px;\">Klubbens udstillingssponsorer<\/h3>\n<p style=\"margin-bottom: 15px;\">St\u00f8t dem der st\u00f8tter os.<\/p>\n<p>        <a style=\"background-color: #f0c14b; color: white; padding: 10px 15px; border-radius: 5px; text-decoration: none;\" href=\"https:\/\/pavon.dk\/?page_id=1974\">L\u00e6s mere<\/a>\n    <\/div>\n<\/div>\n","protected":false},"excerpt":{"rendered":"<p>Velkommen til Dansk Shar Pei Klub Dansk Shar Pei klub, er en specialklub, for alle Shar Pei interesserede. Klubben samarbejder med Dansk Kennel Klub for at varetage racens interesser. L\u00e6s mere om klubben Bliv medlem Bliv medlem af Dansk Shar Pei Klub L\u00e6s mere Hall of Fame Se tidligere vindere af M\u00e5nendens Cover Pei fra [&hellip;]<\/p>\n","protected":false},"author":1,"featured_media":0,"parent":0,"menu_order":0,"comment_status":"closed","ping_status":"closed","template":"","meta":{"ocean_post_layout":"","ocean_both_sidebars_style":"","ocean_both_sidebars_content_width":0,"ocean_both_sidebars_sidebars_width":0,"ocean_sidebar":"","ocean_second_sidebar":"","ocean_disable_margins":"enable","ocean_add_body_class":"","ocean_shortcode_before_top_bar":"","ocean_shortcode_after_top_bar":"","ocean_shortcode_before_header":"","ocean_shortcode_after_header":"","ocean_has_shortcode":"","ocean_shortcode_after_title":"","ocean_shortcode_before_footer_widgets":"","ocean_shortcode_after_footer_widgets":"","ocean_shortcode_before_footer_bottom":"","ocean_shortcode_after_footer_bottom":"","ocean_display_top_bar":"default","ocean_display_header":"default","ocean_header_style":"","ocean_center_header_left_menu":"","ocean_custom_header_template":"","ocean_custom_logo":0,"ocean_custom_retina_logo":0,"ocean_custom_logo_max_width":0,"ocean_custom_logo_tablet_max_width":0,"ocean_custom_logo_mobile_max_width":0,"ocean_custom_logo_max_height":0,"ocean_custom_logo_tablet_max_height":0,"ocean_custom_logo_mobile_max_height":0,"ocean_header_custom_menu":"","ocean_menu_typo_font_family":"","ocean_menu_typo_font_subset":"","ocean_menu_typo_font_size":0,"ocean_menu_typo_font_size_tablet":0,"ocean_menu_typo_font_size_mobile":0,"ocean_menu_typo_font_size_unit":"px","ocean_menu_typo_font_weight":"","ocean_menu_typo_font_weight_tablet":"","ocean_menu_typo_font_weight_mobile":"","ocean_menu_typo_transform":"","ocean_menu_typo_transform_tablet":"","ocean_menu_typo_transform_mobile":"","ocean_menu_typo_line_height":0,"ocean_menu_typo_line_height_tablet":0,"ocean_menu_typo_line_height_mobile":0,"ocean_menu_typo_line_height_unit":"","ocean_menu_typo_spacing":0,"ocean_menu_typo_spacing_tablet":0,"ocean_menu_typo_spacing_mobile":0,"ocean_menu_typo_spacing_unit":"","ocean_menu_link_color":"","ocean_menu_link_color_hover":"","ocean_menu_link_color_active":"","ocean_menu_link_background":"","ocean_menu_link_hover_background":"","ocean_menu_link_active_background":"","ocean_menu_social_links_bg":"","ocean_menu_social_hover_links_bg":"","ocean_menu_social_links_color":"","ocean_menu_social_hover_links_color":"","ocean_disable_title":"default","ocean_disable_heading":"default","ocean_post_title":"","ocean_post_subheading":"","ocean_post_title_style":"","ocean_post_title_background_color":"","ocean_post_title_background":0,"ocean_post_title_bg_image_position":"","ocean_post_title_bg_image_attachment":"","ocean_post_title_bg_image_repeat":"","ocean_post_title_bg_image_size":"","ocean_post_title_height":0,"ocean_post_title_bg_overlay":0.5,"ocean_post_title_bg_overlay_color":"","ocean_disable_breadcrumbs":"default","ocean_breadcrumbs_color":"","ocean_breadcrumbs_separator_color":"","ocean_breadcrumbs_links_color":"","ocean_breadcrumbs_links_hover_color":"","ocean_display_footer_widgets":"default","ocean_display_footer_bottom":"default","ocean_custom_footer_template":"","footnotes":""},"categories":[],"tags":[],"class_list":["post-2523","page","type-page","status-publish","hentry","entry"],"_links":{"self":[{"href":"https:\/\/pavon.dk\/index.php?rest_route=\/wp\/v2\/pages\/2523","targetHints":{"allow":["GET"]}}],"collection":[{"href":"https:\/\/pavon.dk\/index.php?rest_route=\/wp\/v2\/pages"}],"about":[{"href":"https:\/\/pavon.dk\/index.php?rest_route=\/wp\/v2\/types\/page"}],"author":[{"embeddable":true,"href":"https:\/\/pavon.dk\/index.php?rest_route=\/wp\/v2\/users\/1"}],"replies":[{"embeddable":true,"href":"https:\/\/pavon.dk\/index.php?rest_route=%2Fwp%2Fv2%2Fcomments&post=2523"}],"version-history":[{"count":80,"href":"https:\/\/pavon.dk\/index.php?rest_route=\/wp\/v2\/pages\/2523\/revisions"}],"predecessor-version":[{"id":3117,"href":"https:\/\/pavon.dk\/index.php?rest_route=\/wp\/v2\/pages\/2523\/revisions\/3117"}],"wp:attachment":[{"href":"https:\/\/pavon.dk\/index.php?rest_route=%2Fwp%2Fv2%2Fmedia&parent=2523"}],"wp:term":[{"taxonomy":"category","embeddable":true,"href":"https:\/\/pavon.dk\/index.php?rest_route=%2Fwp%2Fv2%2Fcategories&post=2523"},{"taxonomy":"post_tag","embeddable":true,"href":"https:\/\/pavon.dk\/index.php?rest_route=%2Fwp%2Fv2%2Ftags&post=2523"}],"curies":[{"name":"wp","href":"https:\/\/api.w.org\/{rel}","templated":true}]}}