{"id":3061,"date":"2024-10-06T23:08:25","date_gmt":"2024-10-06T21:08:25","guid":{"rendered":"https:\/\/pavon.dk\/?page_id=3061"},"modified":"2024-10-07T09:49:37","modified_gmt":"2024-10-07T07:49:37","slug":"poag-pll-test-2","status":"publish","type":"page","link":"https:\/\/pavon.dk\/?page_id=3061","title":{"rendered":"Poag\/pll test"},"content":{"rendered":"\n<a style=\"background-color: #f0c14b; color: white; padding: 10px 15px; border-radius: 5px; text-decoration: none; margin-bottom: 20px; display: inline-block;\" href=\"https:\/\/pavon.dk\/\">Forside<\/a>\n\n\n\n<p>Hermed link hvor der kan bestilles testpind hos Labogen.com i Tyskalnd. Du skal bestille tid hos din egen dyrl\u00e6ge som udf\u00f8rer testen og sender den retur til Tyskland.<br>Testen du skal bestille p\u00e5 nedenst\u00e5ende link hedder:<br><strong>Primary open angle glaucoma + lens luxation<\/strong><\/p>\n\n\n\n<p><a href=\"https:\/\/shop.labogen.com\/en\/guest\/order\" target=\"_blank\" rel=\"noopener\">https:\/\/shop.labogen.com\/en\/guest\/order<\/a><\/p>\n\n\n\n<p><strong>Poag\/ Pll<\/strong><br><br>Prim\u00e6r udvinklet glaukom (POAG) er en ofte genetisk betinget bindev\u00e6vssygdom i \u00f8jet. Dette f\u00e5r v\u00e6ske til at fylde \u00f8jet (vandig humor), som ikke dr\u00e6nes ordentligt af. Den resulterende stigning i indre tryk i \u00f8jet l\u00e6gger belastning p\u00e5 synsnerven og nethinden og er meget smertefuld for hunden og kan i sidste ende f\u00f8re til blindhed. Symptomer inkluderer udvidede pupiller, r\u00f8de \u00f8jne, overskyede hornhinder og \u00f8get intraokul\u00e6rt tryk. Med en kraftig stigning i pres er der stor smerte, som kan f\u00f8re til modvilje mod at spise, ridse i \u00f8jet, gnide hovedet p\u00e5 genstande og aggressivitet. Bindev\u00e6vsforstyrrelsen f\u00e5r ofte linsen til at bev\u00e6ge sig i \u00f8jet (dislokation) De fleste ber\u00f8rte hunde bliver syge i alderen 4-6 \u00e5r.<\/p>\n\n\n\n<p>Poag\/pll er en avls restrektion i DKK pr.1 juni 2021<\/p>\n\n\n\n<p><\/p>\n","protected":false},"excerpt":{"rendered":"<p>Forside Hermed link hvor der kan bestilles testpind hos Labogen.com i Tyskalnd. Du skal bestille tid hos din egen dyrl\u00e6ge som udf\u00f8rer testen og sender den retur til Tyskland.Testen du skal bestille p\u00e5 nedenst\u00e5ende link hedder:Primary open angle glaucoma + lens luxation https:\/\/shop.labogen.com\/en\/guest\/order Poag\/ Pll Prim\u00e6r udvinklet glaukom (POAG) er en ofte genetisk betinget bindev\u00e6vssygdom [&hellip;]<\/p>\n","protected":false},"author":1,"featured_media":0,"parent":0,"menu_order":0,"comment_status":"closed","ping_status":"closed","template":"","meta":{"ocean_post_layout":"left-sidebar","ocean_both_sidebars_style":"","ocean_both_sidebars_content_width":0,"ocean_both_sidebars_sidebars_width":0,"ocean_sidebar":"ocs-sundhed-og-opdraet","ocean_second_sidebar":"","ocean_disable_margins":"enable","ocean_add_body_class":"","ocean_shortcode_before_top_bar":"","ocean_shortcode_after_top_bar":"","ocean_shortcode_before_header":"","ocean_shortcode_after_header":"","ocean_has_shortcode":"","ocean_shortcode_after_title":"","ocean_shortcode_before_footer_widgets":"","ocean_shortcode_after_footer_widgets":"","ocean_shortcode_before_footer_bottom":"","ocean_shortcode_after_footer_bottom":"","ocean_display_top_bar":"default","ocean_display_header":"default","ocean_header_style":"","ocean_center_header_left_menu":"","ocean_custom_header_template":"","ocean_custom_logo":0,"ocean_custom_retina_logo":0,"ocean_custom_logo_max_width":0,"ocean_custom_logo_tablet_max_width":0,"ocean_custom_logo_mobile_max_width":0,"ocean_custom_logo_max_height":0,"ocean_custom_logo_tablet_max_height":0,"ocean_custom_logo_mobile_max_height":0,"ocean_header_custom_menu":"","ocean_menu_typo_font_family":"","ocean_menu_typo_font_subset":"","ocean_menu_typo_font_size":0,"ocean_menu_typo_font_size_tablet":0,"ocean_menu_typo_font_size_mobile":0,"ocean_menu_typo_font_size_unit":"px","ocean_menu_typo_font_weight":"","ocean_menu_typo_font_weight_tablet":"","ocean_menu_typo_font_weight_mobile":"","ocean_menu_typo_transform":"","ocean_menu_typo_transform_tablet":"","ocean_menu_typo_transform_mobile":"","ocean_menu_typo_line_height":0,"ocean_menu_typo_line_height_tablet":0,"ocean_menu_typo_line_height_mobile":0,"ocean_menu_typo_line_height_unit":"","ocean_menu_typo_spacing":0,"ocean_menu_typo_spacing_tablet":0,"ocean_menu_typo_spacing_mobile":0,"ocean_menu_typo_spacing_unit":"","ocean_menu_link_color":"","ocean_menu_link_color_hover":"","ocean_menu_link_color_active":"","ocean_menu_link_background":"","ocean_menu_link_hover_background":"","ocean_menu_link_active_background":"","ocean_menu_social_links_bg":"","ocean_menu_social_hover_links_bg":"","ocean_menu_social_links_color":"","ocean_menu_social_hover_links_color":"","ocean_disable_title":"default","ocean_disable_heading":"default","ocean_post_title":"","ocean_post_subheading":"","ocean_post_title_style":"","ocean_post_title_background_color":"","ocean_post_title_background":0,"ocean_post_title_bg_image_position":"","ocean_post_title_bg_image_attachment":"","ocean_post_title_bg_image_repeat":"","ocean_post_title_bg_image_size":"","ocean_post_title_height":0,"ocean_post_title_bg_overlay":0.5,"ocean_post_title_bg_overlay_color":"","ocean_disable_breadcrumbs":"default","ocean_breadcrumbs_color":"","ocean_breadcrumbs_separator_color":"","ocean_breadcrumbs_links_color":"","ocean_breadcrumbs_links_hover_color":"","ocean_display_footer_widgets":"default","ocean_display_footer_bottom":"default","ocean_custom_footer_template":"","footnotes":""},"categories":[],"tags":[],"class_list":["post-3061","page","type-page","status-publish","hentry","entry"],"_links":{"self":[{"href":"https:\/\/pavon.dk\/index.php?rest_route=\/wp\/v2\/pages\/3061","targetHints":{"allow":["GET"]}}],"collection":[{"href":"https:\/\/pavon.dk\/index.php?rest_route=\/wp\/v2\/pages"}],"about":[{"href":"https:\/\/pavon.dk\/index.php?rest_route=\/wp\/v2\/types\/page"}],"author":[{"embeddable":true,"href":"https:\/\/pavon.dk\/index.php?rest_route=\/wp\/v2\/users\/1"}],"replies":[{"embeddable":true,"href":"https:\/\/pavon.dk\/index.php?rest_route=%2Fwp%2Fv2%2Fcomments&post=3061"}],"version-history":[{"count":8,"href":"https:\/\/pavon.dk\/index.php?rest_route=\/wp\/v2\/pages\/3061\/revisions"}],"predecessor-version":[{"id":3123,"href":"https:\/\/pavon.dk\/index.php?rest_route=\/wp\/v2\/pages\/3061\/revisions\/3123"}],"wp:attachment":[{"href":"https:\/\/pavon.dk\/index.php?rest_route=%2Fwp%2Fv2%2Fmedia&parent=3061"}],"wp:term":[{"taxonomy":"category","embeddable":true,"href":"https:\/\/pavon.dk\/index.php?rest_route=%2Fwp%2Fv2%2Fcategories&post=3061"},{"taxonomy":"post_tag","embeddable":true,"href":"https:\/\/pavon.dk\/index.php?rest_route=%2Fwp%2Fv2%2Ftags&post=3061"}],"curies":[{"name":"wp","href":"https:\/\/api.w.org\/{rel}","templated":true}]}}