{"id":413,"date":"2024-03-17T18:32:02","date_gmt":"2024-03-17T17:32:02","guid":{"rendered":"https:\/\/pavon.dk\/?page_id=413"},"modified":"2024-10-06T21:44:32","modified_gmt":"2024-10-06T19:44:32","slug":"om-klubben","status":"publish","type":"page","link":"https:\/\/pavon.dk\/?page_id=413","title":{"rendered":"Om klubben"},"content":{"rendered":"<h2>Dansk Shar Pei klub er en specialklub, der samarbejder med &#8211; Dansk Kennel Klub (DKK)<\/h2>\n<p>Klubben bist\u00e5r DKK i sp\u00f8rgsm\u00e5l om racen bl.a. i forbindelse med avlsarbejde, men arbejder ogs\u00e5 for at udbrede kendskabet til racen.<\/p>\n<p>Klubben afholder udstillinger og skuer, hvor b\u00e5de udstillere og tilskuere er meget velkomne.<br \/><img loading=\"lazy\" decoding=\"async\" src=\"https:\/\/pavon.dk\/wp-content\/uploads\/billederogfiler\/001diverse\/002-300x207.png\" alt=\"\" width=\"300\" height=\"207\" \/><\/p>\n<p>Foruden selve udstillingen giver disse arrangementer ogs\u00e5 mulighed for at netv\u00e6rke, og \u201dse, h\u00f8re og r\u00f8re\u201d Shar Pei\u2019er.<br \/><img loading=\"lazy\" decoding=\"async\" src=\"https:\/\/pavon.dk\/wp-content\/uploads\/billederogfiler\/001diverse\/003-225x300.png\" alt=\"\" width=\"225\" height=\"300\" \/><\/p>\n","protected":false},"excerpt":{"rendered":"<p>Dansk Shar Pei klub er en specialklub, der samarbejder med &#8211; Dansk Kennel Klub (DKK) Klubben bist\u00e5r DKK i sp\u00f8rgsm\u00e5l om racen bl.a. i forbindelse med avlsarbejde, men arbejder ogs\u00e5 for at udbrede kendskabet til racen. Klubben afholder udstillinger og skuer, hvor b\u00e5de udstillere og tilskuere er meget velkomne. Foruden selve udstillingen giver disse arrangementer [&hellip;]<\/p>\n","protected":false},"author":1,"featured_media":0,"parent":0,"menu_order":0,"comment_status":"closed","ping_status":"closed","template":"","meta":{"ocean_post_layout":"left-sidebar","ocean_both_sidebars_style":"","ocean_both_sidebars_content_width":0,"ocean_both_sidebars_sidebars_width":0,"ocean_sidebar":"ocs-om-klubben","ocean_second_sidebar":"","ocean_disable_margins":"enable","ocean_add_body_class":"","ocean_shortcode_before_top_bar":"","ocean_shortcode_after_top_bar":"","ocean_shortcode_before_header":"","ocean_shortcode_after_header":"","ocean_has_shortcode":"","ocean_shortcode_after_title":"","ocean_shortcode_before_footer_widgets":"","ocean_shortcode_after_footer_widgets":"","ocean_shortcode_before_footer_bottom":"","ocean_shortcode_after_footer_bottom":"","ocean_display_top_bar":"default","ocean_display_header":"default","ocean_header_style":"","ocean_center_header_left_menu":"","ocean_custom_header_template":"","ocean_custom_logo":0,"ocean_custom_retina_logo":0,"ocean_custom_logo_max_width":0,"ocean_custom_logo_tablet_max_width":0,"ocean_custom_logo_mobile_max_width":0,"ocean_custom_logo_max_height":0,"ocean_custom_logo_tablet_max_height":0,"ocean_custom_logo_mobile_max_height":0,"ocean_header_custom_menu":"","ocean_menu_typo_font_family":"","ocean_menu_typo_font_subset":"","ocean_menu_typo_font_size":0,"ocean_menu_typo_font_size_tablet":0,"ocean_menu_typo_font_size_mobile":0,"ocean_menu_typo_font_size_unit":"px","ocean_menu_typo_font_weight":"","ocean_menu_typo_font_weight_tablet":"","ocean_menu_typo_font_weight_mobile":"","ocean_menu_typo_transform":"","ocean_menu_typo_transform_tablet":"","ocean_menu_typo_transform_mobile":"","ocean_menu_typo_line_height":0,"ocean_menu_typo_line_height_tablet":0,"ocean_menu_typo_line_height_mobile":0,"ocean_menu_typo_line_height_unit":"","ocean_menu_typo_spacing":0,"ocean_menu_typo_spacing_tablet":0,"ocean_menu_typo_spacing_mobile":0,"ocean_menu_typo_spacing_unit":"","ocean_menu_link_color":"","ocean_menu_link_color_hover":"","ocean_menu_link_color_active":"","ocean_menu_link_background":"","ocean_menu_link_hover_background":"","ocean_menu_link_active_background":"","ocean_menu_social_links_bg":"","ocean_menu_social_hover_links_bg":"","ocean_menu_social_links_color":"","ocean_menu_social_hover_links_color":"","ocean_disable_title":"default","ocean_disable_heading":"default","ocean_post_title":"","ocean_post_subheading":"","ocean_post_title_style":"","ocean_post_title_background_color":"","ocean_post_title_background":0,"ocean_post_title_bg_image_position":"","ocean_post_title_bg_image_attachment":"","ocean_post_title_bg_image_repeat":"","ocean_post_title_bg_image_size":"","ocean_post_title_height":0,"ocean_post_title_bg_overlay":0.5,"ocean_post_title_bg_overlay_color":"","ocean_disable_breadcrumbs":"default","ocean_breadcrumbs_color":"","ocean_breadcrumbs_separator_color":"","ocean_breadcrumbs_links_color":"","ocean_breadcrumbs_links_hover_color":"","ocean_display_footer_widgets":"default","ocean_display_footer_bottom":"default","ocean_custom_footer_template":"","footnotes":""},"categories":[],"tags":[],"class_list":["post-413","page","type-page","status-publish","hentry","entry"],"_links":{"self":[{"href":"https:\/\/pavon.dk\/index.php?rest_route=\/wp\/v2\/pages\/413","targetHints":{"allow":["GET"]}}],"collection":[{"href":"https:\/\/pavon.dk\/index.php?rest_route=\/wp\/v2\/pages"}],"about":[{"href":"https:\/\/pavon.dk\/index.php?rest_route=\/wp\/v2\/types\/page"}],"author":[{"embeddable":true,"href":"https:\/\/pavon.dk\/index.php?rest_route=\/wp\/v2\/users\/1"}],"replies":[{"embeddable":true,"href":"https:\/\/pavon.dk\/index.php?rest_route=%2Fwp%2Fv2%2Fcomments&post=413"}],"version-history":[{"count":6,"href":"https:\/\/pavon.dk\/index.php?rest_route=\/wp\/v2\/pages\/413\/revisions"}],"predecessor-version":[{"id":3022,"href":"https:\/\/pavon.dk\/index.php?rest_route=\/wp\/v2\/pages\/413\/revisions\/3022"}],"wp:attachment":[{"href":"https:\/\/pavon.dk\/index.php?rest_route=%2Fwp%2Fv2%2Fmedia&parent=413"}],"wp:term":[{"taxonomy":"category","embeddable":true,"href":"https:\/\/pavon.dk\/index.php?rest_route=%2Fwp%2Fv2%2Fcategories&post=413"},{"taxonomy":"post_tag","embeddable":true,"href":"https:\/\/pavon.dk\/index.php?rest_route=%2Fwp%2Fv2%2Ftags&post=413"}],"curies":[{"name":"wp","href":"https:\/\/api.w.org\/{rel}","templated":true}]}}