{"id":455,"date":"2024-03-17T19:32:31","date_gmt":"2024-03-17T18:32:31","guid":{"rendered":"https:\/\/pavon.dk\/?page_id=455"},"modified":"2024-10-06T20:10:12","modified_gmt":"2024-10-06T18:10:12","slug":"sharpei-dagen","status":"publish","type":"page","link":"https:\/\/pavon.dk\/?page_id=455","title":{"rendered":"Sharpei dagen"},"content":{"rendered":"\n<p class=\"has-text-align-center\"><br><strong>Dansk Shar Pei Klub\u00b4s 20 \u00e5rs jubil\u00e6umsudstilling den 1. juni 2024<\/strong><\/p>\n\n\n\n<figure class=\"wp-block-image size-large\"><img decoding=\"async\" src=\"https:\/\/pavon.dk\/wp-content\/uploads\/2024\/10\/111-783x1024.jpg\" alt=\"\" class=\"wp-image-2943\"\/><\/figure>\n\n\n\n<figure class=\"wp-block-gallery has-nested-images columns-default is-cropped wp-block-gallery-1 is-layout-flex wp-block-gallery-is-layout-flex\">\n<figure class=\"wp-block-image size-large\"><img decoding=\"async\" data-id=\"2944\" src=\"https:\/\/pavon.dk\/wp-content\/uploads\/2024\/10\/IMG_0964-1024x683.jpg\" alt=\"\" class=\"wp-image-2944\"\/><\/figure>\n\n\n\n<figure class=\"wp-block-image size-large\"><img decoding=\"async\" data-id=\"2945\" src=\"https:\/\/pavon.dk\/wp-content\/uploads\/2024\/10\/IMG_0988-1024x683.jpg\" alt=\"\" class=\"wp-image-2945\"\/><\/figure>\n\n\n\n<figure class=\"wp-block-image size-large\"><img decoding=\"async\" data-id=\"2946\" src=\"https:\/\/pavon.dk\/wp-content\/uploads\/2024\/10\/IMG_1079-1024x683.jpg\" alt=\"\" class=\"wp-image-2946\"\/><\/figure>\n\n\n\n<figure class=\"wp-block-image size-large\"><img decoding=\"async\" data-id=\"2947\" src=\"https:\/\/pavon.dk\/wp-content\/uploads\/2024\/10\/IMG_1125-1024x683.jpg\" alt=\"\" class=\"wp-image-2947\"\/><\/figure>\n\n\n\n<figure class=\"wp-block-image size-large\"><img decoding=\"async\" data-id=\"2948\" src=\"https:\/\/pavon.dk\/wp-content\/uploads\/2024\/10\/IMG_1157-1024x683.jpg\" alt=\"\" class=\"wp-image-2948\"\/><\/figure>\n\n\n\n<figure class=\"wp-block-image size-large\"><img decoding=\"async\" data-id=\"2949\" src=\"https:\/\/pavon.dk\/wp-content\/uploads\/2024\/10\/IMG_1169-1024x683.jpg\" alt=\"\" class=\"wp-image-2949\"\/><\/figure>\n\n\n\n<figure class=\"wp-block-image size-large\"><img decoding=\"async\" data-id=\"2950\" src=\"https:\/\/pavon.dk\/wp-content\/uploads\/2024\/10\/IMG_1179-1024x683.jpg\" alt=\"\" class=\"wp-image-2950\"\/><\/figure>\n\n\n\n<figure class=\"wp-block-image size-large\"><img decoding=\"async\" data-id=\"2951\" src=\"https:\/\/pavon.dk\/wp-content\/uploads\/2024\/10\/IMG_1185-1024x683.jpg\" alt=\"\" class=\"wp-image-2951\"\/><\/figure>\n\n\n<\/figure>\n\n\n\n<hr class=\"wp-block-separator alignfull has-alpha-channel-opacity\"\/>\n\n\n\n<h2 class=\"wp-block-heading\">Shar Pei dagen 2019<\/h2>\n\n\n\n<p><strong>Dansk Shar Pei Klub inviterer til klubbens 15 \u00e5rs jubil\u00e6um.<\/strong><\/p>\n\n\n\n<p><strong>&#8211; hyggeligt samv\u00e6r og samt mulighed for at udstille med internationale specialist dommer Fredag den 31. maj &amp; l\u00f8rdag den 1. juni 2019<\/strong><\/p>\n\n\n\n<p><strong><u>Sted:<\/u><\/strong><strong><u> <\/u><\/strong>Gr\u00e6sarealerne ved Drigstrup Sogneg\u00e5rd, Drigstrup Bygade 46, 5300 Kerteminde, Danmark<\/p>\n\n\n\n<p><strong><u>Dato:<\/u><\/strong><strong><u> <\/u><\/strong>Fredag den 31. maj 2019 + L\u00f8rdag den 1. juni 2019<\/p>\n\n\n\n<p><strong><u>Sidste<\/u><\/strong><strong><u> <\/u><\/strong><strong><u>tilmeldingsfrist:<\/u><\/strong><strong><u> <\/u><\/strong>S\u00f8ndag den 5. maj 2019 &#8211; efteranmeldelser og tilmelding p\u00e5 dagen er desv\u00e6rre ikke muligt.<\/p>\n\n\n\n<p><strong><u>Program:<\/u><\/strong><\/p>\n\n\n\n<p><strong><u>Fredag<\/u><\/strong><strong><u> 31. maj 2019 (ca. tider):<\/u><\/strong><\/p>\n\n\n\n<p>09.00: Udstillingsomr\u00e5det \u00e5bner<\/p>\n\n\n\n<p>11.00: Udstillingen starter (Dommer Hanne Laine,DK) 15.00: Farvel kaffe og kage<\/p>\n\n\n\n<p><strong><u>l\u00f8rdag 1.<\/u><\/strong><strong><u> <\/u><\/strong><strong><u>juni<\/u><\/strong><strong><u> <\/u><\/strong><strong><u>2019<\/u><\/strong><strong><u> <\/u><\/strong><strong><u>(ca.<\/u><\/strong><strong><u> <\/u><\/strong><strong><u>tider):<\/u><\/strong><\/p>\n\n\n\n<p>09.00: Udstillingsomr\u00e5det \u00e5bner 09.30: F\u00e6lles spisning\/ brunch<\/p>\n\n\n\n<p>11.00: Udstillingen starter (Dommer Hedi Kumm, Estland) 15.00: Farvel kaffe og kage<\/p>\n\n\n\n<p>Endeligt program sendes ud ca.14 dage f\u00f8r udstillingen. \u00d8l og vand kan k\u00f8bes hele dagen til fordelagtige priser.<\/p>\n\n\n\n<p>Vi griller, p\u00f8lser m br\u00f8d der kan k\u00f8bes begge dage p\u00e5 udstillingsomr\u00e5det.<\/p>\n\n\n\n<p><strong>Udstilling:<\/strong><\/p>\n\n\n\n<p>Udstillingen bliver afholdt i en opstillet ring p\u00e5 udend\u00f8rs arealer. Der er mulighed for at tilmelde hunde i f\u00f8lgende klasser:<\/p>\n\n\n\n<p>Baby (3-6 mdr.)<\/p>\n\n\n\n<p>Hvalp (6-9 mdr.)<\/p>\n\n\n\n<p>Junior (9-18 mdr.)<\/p>\n\n\n\n<p>Mellemklasse (15-23 mdr.) \u00c5ben klasse (15 mdr. og op) Champion klasse<\/p>\n\n\n\n<p>Veteran klasse.<\/p>\n\n\n\n<p>Der vil desuden kunne opstilles i opdr\u00e6tsklasser og avlsklasser.<\/p>\n\n\n\n<p>Der uddeles DKK CAC, JUNIOR CAC og Veteran CAC, til bedste t\u00e6ve og hanhund.<\/p>\n\n\n\n<p>Derudover vil der blive uddelt klubcertifikater (til klub champion titler) til vindere af hver klasse med excellent og CK.<\/p>\n\n\n\n<p><strong>L\u00f8rdag<\/strong><strong> <\/strong><strong>d.1<\/strong><strong> <\/strong><strong>juni<\/strong><strong> <\/strong><strong>2019<\/strong><\/p>\n\n\n\n<p>Dommeren vil desuden uddele klubbens specialpriser til: Bedste \u00f8jne<\/p>\n\n\n\n<p>Bedste hoved Bedste pels Bedste hale Bedste bev\u00e6gelser<\/p>\n\n\n\n<p>Bedste temperament<\/p>\n\n\n\n<p>Bedste dansk opdr\u00e6ttet hund<\/p>\n\n\n\n<p>Desuden uddeles en vandrepokal til udstillingens bedste horsecoat.<\/p>\n\n\n\n<p>Det vil v\u00e6re muligt at melde til barn og hund, og parklassen p\u00e5 dagen.<\/p>\n\n\n\n<p>Vi g\u00f8r opm\u00e6rksom p\u00e5, at klubcertifikater og specialpriser kun kan vindes af medlemmer af Dansk Shar Pei Klub. Dommer (Fredag): Hanne Laine, Danmark<\/p>\n\n\n\n<p>Dommer (L\u00f8rdag): Hedi Kumm, Estland<\/p>\n\n\n\n<p><strong><u>Tilmelding<\/u><\/strong><strong><u> <\/u><\/strong><strong><u>til<\/u><\/strong><strong><u> <\/u><\/strong><strong><u>udstilling:<\/u><\/strong><\/p>\n\n\n\n<p>Tilmeldingen til udstillingen foreg\u00e5r via <a href=\"http:\/\/www.hundeweb.dk\/\"><strong>www.hundeweb.dk<\/strong><\/a><\/p>\n\n\n\n<p>Priser 2019 (vi f\u00f8lger DKKs priser): 1. hund: 393,- kr.<\/p>\n\n\n\n<p>2. hund: 321,- kr.<\/p>\n\n\n\n<ul class=\"wp-block-list\">\n<li>hund og efterf\u00f8lgende 270,- kr.<\/li>\n\n\n\n<li>Baby og hvalpeklasse 270,- kr.<\/li>\n<\/ul>\n\n\n\n<p>&#8211; Man kan selv v\u00e6lge om man \u00f8nsker at udstille 1 dag eller begge dage.<\/p>\n\n\n\n<p><strong><u>Overnatning:<\/u><\/strong><\/p>\n\n\n\n<p>Der er masser af muligheder for overnatning i Kerteminde og omegn, men book i god tid da arrangementet bliver afholdt i Kristi Himmelfarts ferien.<\/p>\n\n\n\n<p>Klubben kan blandt andet anbefale f\u00f8lgende overnatnings muligheder:<\/p>\n\n\n\n<p><strong>Kerteminde Camping<\/strong><\/p>\n\n\n\n<ul class=\"wp-block-list\">\n<li>hytter, lejligheder og campingplads &nbsp;<a href=\"http:\/\/www.kertemindecamping.dk\/\">www.kertemindecamping.dk<\/a><\/li>\n<\/ul>\n\n\n\n<p><strong>Camp Hverringe<\/strong><\/p>\n\n\n\n<ul class=\"wp-block-list\">\n<li>hytter og campingplads &nbsp;<a href=\"http:\/\/www.camphverringe.dk\/\">http:\/\/www.camphverringe.dk<\/a><\/li>\n<\/ul>\n\n\n\n<p>Alternativt kan s\u00f8ges p\u00e5 <a href=\"http:\/\/www.booking.com\/\">www.booking.com <\/a>\u2013 hvor der findes mange hoteller samt Bed &amp; Break fast<\/p>\n\n\n\n<p>\u00d8nsker du ikke at udstille? Eller er din hund ikke med stamtavle fra DKK? S\u00e5 deltag alligevel i et par hyggelige dage hvor der er mulighed for at f\u00e5 en god snak med andre medlemmer af klubben og unik mulighed for at l\u00e6re om racens historie og overlevelse.<\/p>\n\n\n\n<p>Vi h\u00e5ber at se rigtig mange af vores medlemmer til denne store fejring af klubbens 15 \u00e5rs jubil\u00e6um- b\u00e5de dem, der har v\u00e6ret med de foreg\u00e5ende \u00e5r samt alle jer med nye hvalpe.<\/p>\n\n\n\n<p>Vi gl\u00e6der os til at se rigtige mange af jer.<\/p>\n\n\n\n<p>Mange hilsener og vel m\u00f8dt fra Bestyrelsen<\/p>\n\n\n\n<p>Mere information om arrangementet vil komme p\u00e5 klubbens hjemmeside: <a href=\"http:\/\/www.sharpeiklubben.dk\/\">www.sharpeiklubben.dk <\/a>samt p\u00e5 klubbens facebookgruppe.<\/p>\n\n\n\n<p><strong>Vigtigt: <\/strong>Vi f\u00f8lger DKK\u00b4s udstillingsreglement og g\u00f8r opm\u00e6rksom p\u00e5, at hunde under 3 m\u00e5neder desv\u00e6rre ikke kan deltage i arrangementet.<br>________________________________________________________________________________________________________________________<\/p>\n\n\n\n<figure class=\"wp-block-table\"><table><tbody><tr><td class=\"has-text-align-center\" data-align=\"center\"><strong>Sharpeiklubben inviterer til Shar pei dagen<\/strong><br><strong> <\/strong> <strong>&nbsp;&nbsp;&nbsp;&nbsp;&nbsp;&nbsp;&nbsp;&nbsp;&nbsp;&nbsp;&nbsp;&nbsp;&nbsp;&nbsp;&nbsp;&nbsp; &nbsp;Den 2. juni 2018 i Kerteminde.<\/strong> <br>Dommer: S\u00f8ren Wesseltoft, Dk &nbsp; <br><strong>Sted: <\/strong>Drigstrup bygade 46 5300 Kerteminde.<br><strong>Dato: <\/strong>L\u00f8rdag den 2 juni 2018 fra kl. 9.00 (bem\u00e6rk dog at udstillingen f\u00f8rst starter 11.00). &nbsp; <br><strong>Tilmelding til udstillingen:<\/strong> Hundeweb. Vi f\u00f8lger Dkk&#8217;s priser.<br><strong>Sidste tilmeldingsfrist: <\/strong>S\u00f8ndag den 15. maj 2018, efteranmeldelser og tilmelding p\u00e5 dagen er ikke muligt.<br><strong>Pris, forplejning voksen: Brunch <\/strong>100 kr. pr. person, (b\u00f8rn under 12 \u00e5r, gratis) indbetales p\u00e5 klubbens konto : 6864 1067076 ( husk navn og antal personer p\u00e5 indbetalingen).<br><strong>\u00d8l og vand: <\/strong>Kan k\u00f8bes.<br><strong>Program:&nbsp;&nbsp;&nbsp;&nbsp;&nbsp; &nbsp;kl. 10.00 &nbsp;F\u00e6lles morgenmad. Social samv\u00e6r, ringtr\u00e6ning, fotografering.<\/strong><br>                        <strong>kl. 10.30 &nbsp;Ringtr\u00e6ning.<\/strong> <br>                        <strong>kl. 11.00&nbsp; Udstillingen, dommer S\u00f8ren Wesseltoft, Dk<\/strong><br>       <strong>&nbsp;&nbsp;&nbsp;&nbsp;&nbsp;&nbsp;&nbsp;&nbsp;&nbsp;&nbsp; &nbsp;&nbsp;&nbsp;&nbsp;&nbsp;&nbsp;kl. 14.00 &nbsp;Kaffe og kage.<\/strong> <strong>&nbsp;<\/strong> <br><strong>Vi h\u00e5ber at se rigtig mange af vores medlemmer- s\u00e5vel dem der har v\u00e6ret med de foreg\u00e5ende \u00e5r, som alle jer med nye hvalpe.<\/strong><br><strong>Kom og del denne dejlige dag og race med os p\u00e5 dette sk\u00f8nne sted. Nyd noget god mad, socialt samv\u00e6r bygget op omkring vores hunde og deltag i vores specialklubsudstilling.<\/strong> &nbsp; <br><strong>Vi gl\u00e6der os til at se rigtige mange af jer.<\/strong> &nbsp; <br><strong>Mvh<\/strong> &nbsp; <strong>Bestyrelsen<\/strong> &nbsp;<\/td><\/tr><\/tbody><\/table><\/figure>\n\n\n\n<h2 class=\"wp-block-heading\">Sharpeiklubben inviterer til Shar Pei dagen 2017<\/h2>\n\n\n\n<p>Dommer\u200a\u200a: Marie Clair Walsh, Irland<br>Sted Gr\u00e6sarealerne v\/ cricket-klubben, 5300 Kerteminde<br>Dato\u200a\u200a: L\u00f8rdag den 27. maj 2017 fra kl. 9.00 (bem\u00e6rk dog at udstillingen f\u00f8rst starter 11.00). Tilmelding til udstillingen Hundeweb. Vi f\u00f8lger DKK\u2019s priser. Sidste tilmeldingsfrist\u200a\u200a: S\u00f8ndag den 22. april 2017, (efteranmeldelser og tilmelding p\u00e5 dagen er ikke muligt.)<br>Pris, forplejning voksen\u200a\u200a: Brunch 100 kr. pr. person, (b\u00f8rn under 12 \u00e5r, gratis) indbetales p\u00e5 klubbens konto\u200a\u200a: 6864 1067076 (husk navn og antal personer p\u00e5 indbetalingen). \u00d8l og vand\u200a\u200a: Kan k\u00f8bes.<br>Program<br>kl. 10.00 F\u00e6lles morgenmad. Social samv\u00e6r, ringtr\u00e6ning, fotografering.<br>kl. 10.30 Ringtr\u00e6ning.<br>kl. 11.00 Udstillingen, dommer Marie Clair Walsh, Irland.<br>kl. 14.00 Kaffe og kage.<\/p>\n\n\n\n<p>Vi h\u00e5ber at se rigtig mange af vores medlemmer \u2013 s\u00e5vel dem der har v\u00e6ret med de foreg\u00e5ende \u00e5r, som alle jer med nye hvalpe. Kom og del denne dejlige dag og race med os p\u00e5 dette sk\u00f8nne sted. Nyd noget god mad, socialt samv\u00e6r bygget op omkring vores hunde og deltag i vores specialklubs udstilling.<\/p>\n\n\n\n<p>Vi gl\u00e6der os til at se rigtig mange af jer.<\/p>\n\n\n\n<p>Mvh Bestyrelsen<br>________________________________________________________________________________________________________________________<\/p>\n\n\n\n<h1 class=\"wp-block-heading\">Sharpei-dagen 31.07.16<\/h1>\n\n\n\n<p>Sharpei dagen blev i \u00e5r afholdt i Kerteminde i dejlige omgivelser og vejret var perfekt, sol men ikke for varmt hverken for fire-eller to benede v\u00e6sner. Dagen startede for nogen allerede kl. 08.00 med telt ops\u00e6tning og lidt hygge med hundene og andre fremm\u00f8dte sharpei ejer, der var brunch for de tilmeldte f\u00f8r udstillingen gik i gang kl. 11.00 med dommer Birgitte Thielemann ved roret.<br><br>Her er billeder af vinderne i de forskellige klasser:<br><\/p>\n\n\n\n<div class=\"wp-block-media-text is-stacked-on-mobile\"><figure class=\"wp-block-media-text__media\"><img decoding=\"async\" src=\"https:\/\/pavon.dk\/wp-content\/uploads\/2024\/03\/bedste-baby-1.jpg\" alt=\"\" class=\"wp-image-1848 size-full\"\/><\/figure><div class=\"wp-block-media-text__content\">\n<p><em>Bedste Baby<br>Han : Hafferlaffen Pure Love<br>Ejer : Anja Breum<br>T\u00e6ve : Donna<br>Ejer : Marianne Wellert<\/em><\/p>\n<\/div><\/div>\n\n\n\n<div class=\"wp-block-media-text has-media-on-the-right is-stacked-on-mobile\"><div class=\"wp-block-media-text__content\">\n<p><em>Bedste Hvalp<br>Han : China House R-Two-D-Two<br>Ejer : Merete og Jean Claude Rivier<br>T\u00e6ve: Xanthi\u00b4s Wrinkle Norma Jean<br>Ejer : Stefanie Kurz<\/em><\/p>\n<\/div><figure class=\"wp-block-media-text__media\"><img decoding=\"async\" src=\"https:\/\/pavon.dk\/wp-content\/uploads\/2024\/03\/bedste-hvalp-1.jpg\" alt=\"\" class=\"wp-image-1850 size-full\"\/><\/figure><\/div>\n\n\n\n<div class=\"wp-block-media-text is-stacked-on-mobile\"><figure class=\"wp-block-media-text__media\"><img decoding=\"async\" src=\"https:\/\/pavon.dk\/wp-content\/uploads\/2024\/03\/bedste-junior.jpg\" alt=\"\" class=\"wp-image-1851 size-full\"\/><\/figure><div class=\"wp-block-media-text__content\">\n<p><span class=\"fl\" style=\"max-width:350px\"><i>Bedste JuniorT\u00e6ve : China House Pure StardustEjer   : Bente og Bo B\u00f8gvad KruseHan   : Shira Victory lost In SpaceEjer   : Mette Krog Andersen<\/i><\/span><\/p>\n<\/div><\/div>\n\n\n\n<div class=\"wp-block-media-text has-media-on-the-right is-stacked-on-mobile\"><div class=\"wp-block-media-text__content\">\n<p><em>Bedste Mellem Klasse<br>Han : Walnut Pei Fifty Shades Of Gery<br>Ejer : Maria Hjort \/ Louise J. Voigt<br>T\u00e6ve : Hafferlaffen All About Me<br>Ejer : Hanne Kofod<\/em><\/p>\n<\/div><figure class=\"wp-block-media-text__media\"><img decoding=\"async\" src=\"https:\/\/pavon.dk\/wp-content\/uploads\/2024\/03\/bedstemellem.jpg\" alt=\"\" class=\"wp-image-1853 size-full\"\/><\/figure><\/div>\n\n\n\n<div class=\"wp-block-media-text is-stacked-on-mobile\"><figure class=\"wp-block-media-text__media\"><img decoding=\"async\" src=\"https:\/\/pavon.dk\/wp-content\/uploads\/2024\/03\/bedste-aaben-1.jpg\" alt=\"\" class=\"wp-image-1854 size-full\"\/><\/figure><div class=\"wp-block-media-text__content\">\n<p><em>Bedste \u00c5ben Klasse<br>Han : KJW 2015 Warriors Of Fire Argentina<br>Rainbow<br>Ejer : Merete og Jean Claude Rivier<br>T\u00e6ve : Hafferlaffen Marc Jacobs Daisy<br>Ejer : Mette Krog Andersen \/ Anne Louise<br>Arrildsen<\/em><\/p>\n<\/div><\/div>\n\n\n\n<div class=\"wp-block-media-text has-media-on-the-right is-stacked-on-mobile\"><div class=\"wp-block-media-text__content\">\n<p><em>Bedste Champion Klasse<br>T\u00e6ve : DK.CH, Junior Klub Ch China House<br>Mustang Sally<br>Ejer : Merete og Jean Claude Rivier<br>Han : DK.CH Hafferlaffen Chilly Willy<br>Ejer : Michelle Jensen<\/em><\/p>\n<\/div><figure class=\"wp-block-media-text__media\"><img decoding=\"async\" src=\"https:\/\/pavon.dk\/wp-content\/uploads\/2024\/03\/champklasse.jpg\" alt=\"\" class=\"wp-image-1855 size-full\"\/><\/figure><\/div>\n\n\n\n<div class=\"wp-block-media-text is-stacked-on-mobile\"><figure class=\"wp-block-media-text__media\"><img decoding=\"async\" src=\"https:\/\/pavon.dk\/wp-content\/uploads\/2024\/03\/birogbim.jpg\" alt=\"\" class=\"wp-image-1856 size-full\"\/><\/figure><div class=\"wp-block-media-text__content\">\n<p><em>BIR og BIM<br>T\u00e6ve : DK.CH China House Mustang Sally<br>Han : Walnut Pei Fifty Shades of Gray<\/em><\/p>\n<\/div><\/div>\n\n\n\n<div class=\"wp-block-media-text has-media-on-the-right is-stacked-on-mobile\"><div class=\"wp-block-media-text__content\">\n<p><em>Bedste Opdr\u00e6tter Klasse<br>Kennel China House<br>Merete og Jean Claude Rivier<\/em><\/p>\n<\/div><figure class=\"wp-block-media-text__media\"><img decoding=\"async\" src=\"https:\/\/pavon.dk\/wp-content\/uploads\/2024\/03\/opdraetterklasse.jpg\" alt=\"\" class=\"wp-image-1857 size-full\"\/><\/figure><\/div>\n\n\n\n<div class=\"wp-block-media-text is-stacked-on-mobile\"><figure class=\"wp-block-media-text__media\"><img decoding=\"async\" src=\"https:\/\/pavon.dk\/wp-content\/uploads\/2024\/03\/browneyegirl.jpg\" alt=\"\" class=\"wp-image-1858 size-full\"\/><\/figure><div class=\"wp-block-media-text__content\">\n<p><em>Klubbens vandre pokal for bedste HC gik til<br>BrownEyeGirl<\/em><\/p>\n<\/div><\/div>\n","protected":false},"excerpt":{"rendered":"<p>Dansk Shar Pei Klub\u00b4s 20 \u00e5rs jubil\u00e6umsudstilling den 1. juni 2024 Shar Pei dagen 2019 Dansk Shar Pei Klub inviterer til klubbens 15 \u00e5rs jubil\u00e6um. &#8211; hyggeligt samv\u00e6r og samt mulighed for at udstille med internationale specialist dommer Fredag den 31. maj &amp; l\u00f8rdag den 1. juni 2019 Sted: Gr\u00e6sarealerne ved Drigstrup Sogneg\u00e5rd, Drigstrup Bygade [&hellip;]<\/p>\n","protected":false},"author":1,"featured_media":0,"parent":0,"menu_order":0,"comment_status":"closed","ping_status":"closed","template":"","meta":{"ocean_post_layout":"","ocean_both_sidebars_style":"","ocean_both_sidebars_content_width":0,"ocean_both_sidebars_sidebars_width":0,"ocean_sidebar":"","ocean_second_sidebar":"","ocean_disable_margins":"enable","ocean_add_body_class":"","ocean_shortcode_before_top_bar":"","ocean_shortcode_after_top_bar":"","ocean_shortcode_before_header":"","ocean_shortcode_after_header":"","ocean_has_shortcode":"","ocean_shortcode_after_title":"","ocean_shortcode_before_footer_widgets":"","ocean_shortcode_after_footer_widgets":"","ocean_shortcode_before_footer_bottom":"","ocean_shortcode_after_footer_bottom":"","ocean_display_top_bar":"default","ocean_display_header":"default","ocean_header_style":"","ocean_center_header_left_menu":"","ocean_custom_header_template":"","ocean_custom_logo":0,"ocean_custom_retina_logo":0,"ocean_custom_logo_max_width":0,"ocean_custom_logo_tablet_max_width":0,"ocean_custom_logo_mobile_max_width":0,"ocean_custom_logo_max_height":0,"ocean_custom_logo_tablet_max_height":0,"ocean_custom_logo_mobile_max_height":0,"ocean_header_custom_menu":"","ocean_menu_typo_font_family":"","ocean_menu_typo_font_subset":"","ocean_menu_typo_font_size":0,"ocean_menu_typo_font_size_tablet":0,"ocean_menu_typo_font_size_mobile":0,"ocean_menu_typo_font_size_unit":"px","ocean_menu_typo_font_weight":"","ocean_menu_typo_font_weight_tablet":"","ocean_menu_typo_font_weight_mobile":"","ocean_menu_typo_transform":"","ocean_menu_typo_transform_tablet":"","ocean_menu_typo_transform_mobile":"","ocean_menu_typo_line_height":0,"ocean_menu_typo_line_height_tablet":0,"ocean_menu_typo_line_height_mobile":0,"ocean_menu_typo_line_height_unit":"","ocean_menu_typo_spacing":0,"ocean_menu_typo_spacing_tablet":0,"ocean_menu_typo_spacing_mobile":0,"ocean_menu_typo_spacing_unit":"","ocean_menu_link_color":"","ocean_menu_link_color_hover":"","ocean_menu_link_color_active":"","ocean_menu_link_background":"","ocean_menu_link_hover_background":"","ocean_menu_link_active_background":"","ocean_menu_social_links_bg":"","ocean_menu_social_hover_links_bg":"","ocean_menu_social_links_color":"","ocean_menu_social_hover_links_color":"","ocean_disable_title":"default","ocean_disable_heading":"default","ocean_post_title":"","ocean_post_subheading":"","ocean_post_title_style":"","ocean_post_title_background_color":"","ocean_post_title_background":0,"ocean_post_title_bg_image_position":"","ocean_post_title_bg_image_attachment":"","ocean_post_title_bg_image_repeat":"","ocean_post_title_bg_image_size":"","ocean_post_title_height":0,"ocean_post_title_bg_overlay":0.5,"ocean_post_title_bg_overlay_color":"","ocean_disable_breadcrumbs":"default","ocean_breadcrumbs_color":"","ocean_breadcrumbs_separator_color":"","ocean_breadcrumbs_links_color":"","ocean_breadcrumbs_links_hover_color":"","ocean_display_footer_widgets":"default","ocean_display_footer_bottom":"default","ocean_custom_footer_template":"","footnotes":""},"categories":[],"tags":[],"class_list":["post-455","page","type-page","status-publish","hentry","entry"],"_links":{"self":[{"href":"https:\/\/pavon.dk\/index.php?rest_route=\/wp\/v2\/pages\/455","targetHints":{"allow":["GET"]}}],"collection":[{"href":"https:\/\/pavon.dk\/index.php?rest_route=\/wp\/v2\/pages"}],"about":[{"href":"https:\/\/pavon.dk\/index.php?rest_route=\/wp\/v2\/types\/page"}],"author":[{"embeddable":true,"href":"https:\/\/pavon.dk\/index.php?rest_route=\/wp\/v2\/users\/1"}],"replies":[{"embeddable":true,"href":"https:\/\/pavon.dk\/index.php?rest_route=%2Fwp%2Fv2%2Fcomments&post=455"}],"version-history":[{"count":3,"href":"https:\/\/pavon.dk\/index.php?rest_route=\/wp\/v2\/pages\/455\/revisions"}],"predecessor-version":[{"id":2954,"href":"https:\/\/pavon.dk\/index.php?rest_route=\/wp\/v2\/pages\/455\/revisions\/2954"}],"wp:attachment":[{"href":"https:\/\/pavon.dk\/index.php?rest_route=%2Fwp%2Fv2%2Fmedia&parent=455"}],"wp:term":[{"taxonomy":"category","embeddable":true,"href":"https:\/\/pavon.dk\/index.php?rest_route=%2Fwp%2Fv2%2Fcategories&post=455"},{"taxonomy":"post_tag","embeddable":true,"href":"https:\/\/pavon.dk\/index.php?rest_route=%2Fwp%2Fv2%2Ftags&post=455"}],"curies":[{"name":"wp","href":"https:\/\/api.w.org\/{rel}","templated":true}]}}