{"id":456,"date":"2024-03-17T19:32:31","date_gmt":"2024-03-17T18:32:31","guid":{"rendered":"https:\/\/pavon.dk\/?page_id=456"},"modified":"2024-10-06T10:34:47","modified_gmt":"2024-10-06T08:34:47","slug":"udstilling","status":"publish","type":"page","link":"https:\/\/pavon.dk\/?page_id=456","title":{"rendered":"Udstilling"},"content":{"rendered":"<p><img loading=\"lazy\" decoding=\"async\" src=\"https:\/\/pavon.dk\/wp-content\/uploads\/billederogfiler\/001diverse\/32-1-223x300.png\" alt=\"\" width=\"223\" height=\"300\" \/><\/p>\n\n<h1 class=\"wp-block-heading\">Udstilling<\/h1>\n\n<p>Der er mange udstillinger, b\u00e5de i Danmark samt i udlandet, hvor Shar Pei racen er repr\u00e6senteret.<br \/>Dansk Shar Pei klub er arrang\u00f8rer af 2-3 udstillinger hvert \u00e5r i Danmark (Store Hestedag, Tholo, samt Shar Pei dag) og har ogs\u00e5 en \u00e5rlig pointjagt:<br \/>Pointene bliver beregnet s\u00e5ledes:<\/p>\n\n<p><strong>Bedste han\/t\u00e6ve giver 5 point<\/strong><br \/><strong>2.bedste han\/t\u00e6ve giver 4 point<\/strong><br \/><strong>3.bedste han\/t\u00e6ve giver 2 point<\/strong><br \/><strong>4. bedste han\/t\u00e6ve giver 1 point<\/strong><br \/><strong>BIR giver 2 point<\/strong><br \/><strong>BIM giver 1 point<\/strong><br \/><br \/>P\u00e5 den \u00e5rlige Shar Pei dag er der, udover udstillingen, ogs\u00e5 fokus p\u00e5 det sociale samv\u00e6r.<br \/>P\u00e5 denne dag er der ogs\u00e5 mulighed for folk der endnu ikke er blevet Shar Pei ejere, at m\u00f8de op og f\u00e5 en snak med Shar Pei&#8217;er, deres ejere og Shar Pei-opdr\u00e6ttere.<\/p>\n","protected":false},"excerpt":{"rendered":"<p>Udstilling Der er mange udstillinger, b\u00e5de i Danmark samt i udlandet, hvor Shar Pei racen er repr\u00e6senteret.Dansk Shar Pei klub er arrang\u00f8rer af 2-3 udstillinger hvert \u00e5r i Danmark (Store Hestedag, Tholo, samt Shar Pei dag) og har ogs\u00e5 en \u00e5rlig pointjagt:Pointene bliver beregnet s\u00e5ledes: Bedste han\/t\u00e6ve giver 5 point2.bedste han\/t\u00e6ve giver 4 point3.bedste han\/t\u00e6ve [&hellip;]<\/p>\n","protected":false},"author":1,"featured_media":0,"parent":0,"menu_order":0,"comment_status":"closed","ping_status":"closed","template":"","meta":{"ocean_post_layout":"left-sidebar","ocean_both_sidebars_style":"","ocean_both_sidebars_content_width":0,"ocean_both_sidebars_sidebars_width":0,"ocean_sidebar":"ocs-pointjagt","ocean_second_sidebar":"","ocean_disable_margins":"enable","ocean_add_body_class":"","ocean_shortcode_before_top_bar":"","ocean_shortcode_after_top_bar":"","ocean_shortcode_before_header":"","ocean_shortcode_after_header":"","ocean_has_shortcode":"","ocean_shortcode_after_title":"","ocean_shortcode_before_footer_widgets":"","ocean_shortcode_after_footer_widgets":"","ocean_shortcode_before_footer_bottom":"","ocean_shortcode_after_footer_bottom":"","ocean_display_top_bar":"default","ocean_display_header":"default","ocean_header_style":"","ocean_center_header_left_menu":"","ocean_custom_header_template":"","ocean_custom_logo":0,"ocean_custom_retina_logo":0,"ocean_custom_logo_max_width":0,"ocean_custom_logo_tablet_max_width":0,"ocean_custom_logo_mobile_max_width":0,"ocean_custom_logo_max_height":0,"ocean_custom_logo_tablet_max_height":0,"ocean_custom_logo_mobile_max_height":0,"ocean_header_custom_menu":"","ocean_menu_typo_font_family":"","ocean_menu_typo_font_subset":"","ocean_menu_typo_font_size":0,"ocean_menu_typo_font_size_tablet":0,"ocean_menu_typo_font_size_mobile":0,"ocean_menu_typo_font_size_unit":"px","ocean_menu_typo_font_weight":"","ocean_menu_typo_font_weight_tablet":"","ocean_menu_typo_font_weight_mobile":"","ocean_menu_typo_transform":"","ocean_menu_typo_transform_tablet":"","ocean_menu_typo_transform_mobile":"","ocean_menu_typo_line_height":0,"ocean_menu_typo_line_height_tablet":0,"ocean_menu_typo_line_height_mobile":0,"ocean_menu_typo_line_height_unit":"","ocean_menu_typo_spacing":0,"ocean_menu_typo_spacing_tablet":0,"ocean_menu_typo_spacing_mobile":0,"ocean_menu_typo_spacing_unit":"","ocean_menu_link_color":"","ocean_menu_link_color_hover":"","ocean_menu_link_color_active":"","ocean_menu_link_background":"","ocean_menu_link_hover_background":"","ocean_menu_link_active_background":"","ocean_menu_social_links_bg":"","ocean_menu_social_hover_links_bg":"","ocean_menu_social_links_color":"","ocean_menu_social_hover_links_color":"","ocean_disable_title":"default","ocean_disable_heading":"default","ocean_post_title":"","ocean_post_subheading":"","ocean_post_title_style":"","ocean_post_title_background_color":"","ocean_post_title_background":0,"ocean_post_title_bg_image_position":"","ocean_post_title_bg_image_attachment":"","ocean_post_title_bg_image_repeat":"","ocean_post_title_bg_image_size":"","ocean_post_title_height":0,"ocean_post_title_bg_overlay":0.5,"ocean_post_title_bg_overlay_color":"","ocean_disable_breadcrumbs":"default","ocean_breadcrumbs_color":"","ocean_breadcrumbs_separator_color":"","ocean_breadcrumbs_links_color":"","ocean_breadcrumbs_links_hover_color":"","ocean_display_footer_widgets":"default","ocean_display_footer_bottom":"default","ocean_custom_footer_template":"","footnotes":""},"categories":[],"tags":[],"class_list":["post-456","page","type-page","status-publish","hentry","entry"],"_links":{"self":[{"href":"https:\/\/pavon.dk\/index.php?rest_route=\/wp\/v2\/pages\/456","targetHints":{"allow":["GET"]}}],"collection":[{"href":"https:\/\/pavon.dk\/index.php?rest_route=\/wp\/v2\/pages"}],"about":[{"href":"https:\/\/pavon.dk\/index.php?rest_route=\/wp\/v2\/types\/page"}],"author":[{"embeddable":true,"href":"https:\/\/pavon.dk\/index.php?rest_route=\/wp\/v2\/users\/1"}],"replies":[{"embeddable":true,"href":"https:\/\/pavon.dk\/index.php?rest_route=%2Fwp%2Fv2%2Fcomments&post=456"}],"version-history":[{"count":4,"href":"https:\/\/pavon.dk\/index.php?rest_route=\/wp\/v2\/pages\/456\/revisions"}],"predecessor-version":[{"id":2742,"href":"https:\/\/pavon.dk\/index.php?rest_route=\/wp\/v2\/pages\/456\/revisions\/2742"}],"wp:attachment":[{"href":"https:\/\/pavon.dk\/index.php?rest_route=%2Fwp%2Fv2%2Fmedia&parent=456"}],"wp:term":[{"taxonomy":"category","embeddable":true,"href":"https:\/\/pavon.dk\/index.php?rest_route=%2Fwp%2Fv2%2Fcategories&post=456"},{"taxonomy":"post_tag","embeddable":true,"href":"https:\/\/pavon.dk\/index.php?rest_route=%2Fwp%2Fv2%2Ftags&post=456"}],"curies":[{"name":"wp","href":"https:\/\/api.w.org\/{rel}","templated":true}]}}