{"id":595,"date":"2024-03-18T07:51:47","date_gmt":"2024-03-18T06:51:47","guid":{"rendered":"https:\/\/pavon.dk\/?page_id=595"},"modified":"2024-03-19T15:38:05","modified_gmt":"2024-03-19T14:38:05","slug":"udstilling-i-broby-marts-2022","status":"publish","type":"page","link":"https:\/\/pavon.dk\/?page_id=595","title":{"rendered":"Udstilling i Brobyv\u00e6rk marts 2022"},"content":{"rendered":"<h2>Udstilling i Brobyv\u00e6rk 12 marts 2022<\/h2>\n<style>\/*! elementor - v3.20.0 - 13-03-2024 *\/\n.elementor-image-gallery .gallery-item{display:inline-block;text-align:center;vertical-align:top;width:100%;max-width:100%;margin:0 auto}.elementor-image-gallery .gallery-item img{margin:0 auto}.elementor-image-gallery .gallery-item .gallery-caption{margin:0}.elementor-image-gallery figure img{display:block}.elementor-image-gallery figure figcaption{width:100%}.gallery-spacing-custom .elementor-image-gallery .gallery-icon{padding:0}@media (min-width:768px){.elementor-image-gallery .gallery-columns-2 .gallery-item{max-width:50%}.elementor-image-gallery .gallery-columns-3 .gallery-item{max-width:33.33%}.elementor-image-gallery .gallery-columns-4 .gallery-item{max-width:25%}.elementor-image-gallery .gallery-columns-5 .gallery-item{max-width:20%}.elementor-image-gallery .gallery-columns-6 .gallery-item{max-width:16.666%}.elementor-image-gallery .gallery-columns-7 .gallery-item{max-width:14.28%}.elementor-image-gallery .gallery-columns-8 .gallery-item{max-width:12.5%}.elementor-image-gallery .gallery-columns-9 .gallery-item{max-width:11.11%}.elementor-image-gallery .gallery-columns-10 .gallery-item{max-width:10%}}@media (min-width:480px) and (max-width:767px){.elementor-image-gallery .gallery.gallery-columns-2 .gallery-item,.elementor-image-gallery .gallery.gallery-columns-3 .gallery-item,.elementor-image-gallery .gallery.gallery-columns-4 .gallery-item,.elementor-image-gallery .gallery.gallery-columns-5 .gallery-item,.elementor-image-gallery .gallery.gallery-columns-6 .gallery-item,.elementor-image-gallery .gallery.gallery-columns-7 .gallery-item,.elementor-image-gallery .gallery.gallery-columns-8 .gallery-item,.elementor-image-gallery .gallery.gallery-columns-9 .gallery-item,.elementor-image-gallery .gallery.gallery-columns-10 .gallery-item{max-width:50%}}@media (max-width:479px){.elementor-image-gallery .gallery.gallery-columns-2 .gallery-item,.elementor-image-gallery .gallery.gallery-columns-3 .gallery-item,.elementor-image-gallery .gallery.gallery-columns-4 .gallery-item,.elementor-image-gallery .gallery.gallery-columns-5 .gallery-item,.elementor-image-gallery .gallery.gallery-columns-6 .gallery-item,.elementor-image-gallery .gallery.gallery-columns-7 .gallery-item,.elementor-image-gallery .gallery.gallery-columns-8 .gallery-item,.elementor-image-gallery .gallery.gallery-columns-9 .gallery-item,.elementor-image-gallery .gallery.gallery-columns-10 .gallery-item{max-width:100%}}<\/style>\n<figure class='gallery-item'>\n\t\t\t\t<a data-elementor-open-lightbox=\"yes\" data-elementor-lightbox-slideshow=\"e9f52e9\" data-elementor-lightbox-title=\"broby2022 (1)\" data-e-action-hash=\"#elementor-action%3Aaction%3Dlightbox%26settings%3DeyJpZCI6MTE5MSwidXJsIjoiaHR0cDpcL1wvc2hhci1wZWlrbHViYmVuLmRrXC93cC1jb250ZW50XC91cGxvYWRzXC8yMDI0XC8wM1wvYnJvYnkyMDIyLTEuanBlZyIsInNsaWRlc2hvdyI6ImU5ZjUyZTkifQ%3D%3D\" href='https:\/\/pavon.dk\/wp-content\/uploads\/2024\/03\/broby2022-1.jpeg'><img loading=\"lazy\" width=\"150\" height=\"150\" src=\"https:\/\/pavon.dk\/wp-content\/uploads\/2024\/03\/broby2022-1-150x150.jpeg\" alt=\"\" aria-describedby=\"gallery-1-1191\" decoding=\"async\" \/><\/a><figcaption class='wp-caption-text gallery-caption' id='gallery-1-1191'>\n\t\t\t\tBIR og BIM<br \/>\n\t\t\t\t<\/figcaption><\/figure>\n<figure class='gallery-item'>\n\t\t\t\t<a data-elementor-open-lightbox=\"yes\" data-elementor-lightbox-slideshow=\"e9f52e9\" data-elementor-lightbox-title=\"broby2022 (2)\" data-e-action-hash=\"#elementor-action%3Aaction%3Dlightbox%26settings%3DeyJpZCI6MTE5MiwidXJsIjoiaHR0cDpcL1wvc2hhci1wZWlrbHViYmVuLmRrXC93cC1jb250ZW50XC91cGxvYWRzXC8yMDI0XC8wM1wvYnJvYnkyMDIyLTIuanBlZyIsInNsaWRlc2hvdyI6ImU5ZjUyZTkifQ%3D%3D\" href='https:\/\/pavon.dk\/wp-content\/uploads\/2024\/03\/broby2022-2.jpeg'><img loading=\"lazy\" width=\"150\" height=\"150\" src=\"https:\/\/pavon.dk\/wp-content\/uploads\/2024\/03\/broby2022-2-150x150.jpeg\" alt=\"\" aria-describedby=\"gallery-1-1192\" decoding=\"async\" \/><\/a><figcaption class='wp-caption-text gallery-caption' id='gallery-1-1192'>\n\t\t\t\tBedste Champ<br \/>\n\t\t\t\t<\/figcaption><\/figure>\n<figure class='gallery-item'>\n\t\t\t\t<a data-elementor-open-lightbox=\"yes\" data-elementor-lightbox-slideshow=\"e9f52e9\" data-elementor-lightbox-title=\"broby2022 (3)\" data-e-action-hash=\"#elementor-action%3Aaction%3Dlightbox%26settings%3DeyJpZCI6MTE5MywidXJsIjoiaHR0cDpcL1wvc2hhci1wZWlrbHViYmVuLmRrXC93cC1jb250ZW50XC91cGxvYWRzXC8yMDI0XC8wM1wvYnJvYnkyMDIyLTMuanBlZyIsInNsaWRlc2hvdyI6ImU5ZjUyZTkifQ%3D%3D\" href='https:\/\/pavon.dk\/wp-content\/uploads\/2024\/03\/broby2022-3.jpeg'><img loading=\"lazy\" width=\"150\" height=\"150\" src=\"https:\/\/pavon.dk\/wp-content\/uploads\/2024\/03\/broby2022-3-150x150.jpeg\" alt=\"\" aria-describedby=\"gallery-1-1193\" decoding=\"async\" \/><\/a><figcaption class='wp-caption-text gallery-caption' id='gallery-1-1193'>\n\t\t\t\tBedste Veteran<br \/>\n\t\t\t\t<\/figcaption><\/figure>\n<figure class='gallery-item'>\n\t\t\t\t<a data-elementor-open-lightbox=\"yes\" data-elementor-lightbox-slideshow=\"e9f52e9\" data-elementor-lightbox-title=\"broby2022 (4)\" data-e-action-hash=\"#elementor-action%3Aaction%3Dlightbox%26settings%3DeyJpZCI6MTE5NCwidXJsIjoiaHR0cDpcL1wvc2hhci1wZWlrbHViYmVuLmRrXC93cC1jb250ZW50XC91cGxvYWRzXC8yMDI0XC8wM1wvYnJvYnkyMDIyLTQuanBlZyIsInNsaWRlc2hvdyI6ImU5ZjUyZTkifQ%3D%3D\" href='https:\/\/pavon.dk\/wp-content\/uploads\/2024\/03\/broby2022-4.jpeg'><img loading=\"lazy\" width=\"150\" height=\"150\" src=\"https:\/\/pavon.dk\/wp-content\/uploads\/2024\/03\/broby2022-4-150x150.jpeg\" alt=\"\" aria-describedby=\"gallery-1-1194\" decoding=\"async\" \/><\/a><figcaption class='wp-caption-text gallery-caption' id='gallery-1-1194'>\n\t\t\t\tBedste \u00c5ben<br \/>\n\t\t\t\t<\/figcaption><\/figure>\n<figure class='gallery-item'>\n\t\t\t\t<a data-elementor-open-lightbox=\"yes\" data-elementor-lightbox-slideshow=\"e9f52e9\" data-elementor-lightbox-title=\"broby2022 (5)\" data-e-action-hash=\"#elementor-action%3Aaction%3Dlightbox%26settings%3DeyJpZCI6MTE5NSwidXJsIjoiaHR0cDpcL1wvc2hhci1wZWlrbHViYmVuLmRrXC93cC1jb250ZW50XC91cGxvYWRzXC8yMDI0XC8wM1wvYnJvYnkyMDIyLTUuanBlZyIsInNsaWRlc2hvdyI6ImU5ZjUyZTkifQ%3D%3D\" href='https:\/\/pavon.dk\/wp-content\/uploads\/2024\/03\/broby2022-5.jpeg'><img loading=\"lazy\" width=\"150\" height=\"150\" src=\"https:\/\/pavon.dk\/wp-content\/uploads\/2024\/03\/broby2022-5-150x150.jpeg\" alt=\"\" aria-describedby=\"gallery-1-1195\" decoding=\"async\" \/><\/a><figcaption class='wp-caption-text gallery-caption' id='gallery-1-1195'>\n\t\t\t\tBedste Mellem<br \/>\n\t\t\t\t<\/figcaption><\/figure>\n<figure class='gallery-item'>\n\t\t\t\t<a data-elementor-open-lightbox=\"yes\" data-elementor-lightbox-slideshow=\"e9f52e9\" data-elementor-lightbox-title=\"broby2022 (6)\" data-e-action-hash=\"#elementor-action%3Aaction%3Dlightbox%26settings%3DeyJpZCI6MTE5NiwidXJsIjoiaHR0cDpcL1wvc2hhci1wZWlrbHViYmVuLmRrXC93cC1jb250ZW50XC91cGxvYWRzXC8yMDI0XC8wM1wvYnJvYnkyMDIyLTYuanBlZyIsInNsaWRlc2hvdyI6ImU5ZjUyZTkifQ%3D%3D\" href='https:\/\/pavon.dk\/wp-content\/uploads\/2024\/03\/broby2022-6.jpeg'><img loading=\"lazy\" width=\"150\" height=\"150\" src=\"https:\/\/pavon.dk\/wp-content\/uploads\/2024\/03\/broby2022-6-150x150.jpeg\" alt=\"\" aria-describedby=\"gallery-1-1196\" decoding=\"async\" \/><\/a><figcaption class='wp-caption-text gallery-caption' id='gallery-1-1196'>\n\t\t\t\tBedste T\u00e6ve<br \/>\n\t\t\t\t<\/figcaption><\/figure>\n<figure class='gallery-item'>\n\t\t\t\t<a data-elementor-open-lightbox=\"yes\" data-elementor-lightbox-slideshow=\"e9f52e9\" data-elementor-lightbox-title=\"broby2022 (7)\" data-e-action-hash=\"#elementor-action%3Aaction%3Dlightbox%26settings%3DeyJpZCI6MTE5NywidXJsIjoiaHR0cDpcL1wvc2hhci1wZWlrbHViYmVuLmRrXC93cC1jb250ZW50XC91cGxvYWRzXC8yMDI0XC8wM1wvYnJvYnkyMDIyLTcuanBlZyIsInNsaWRlc2hvdyI6ImU5ZjUyZTkifQ%3D%3D\" href='https:\/\/pavon.dk\/wp-content\/uploads\/2024\/03\/broby2022-7.jpeg'><img loading=\"lazy\" width=\"150\" height=\"150\" src=\"https:\/\/pavon.dk\/wp-content\/uploads\/2024\/03\/broby2022-7-150x150.jpeg\" alt=\"\" aria-describedby=\"gallery-1-1197\" decoding=\"async\" \/><\/a><figcaption class='wp-caption-text gallery-caption' id='gallery-1-1197'>\n\t\t\t\tBedste Han<br \/>\n\t\t\t\t<\/figcaption><\/figure>\n<figure class='gallery-item'>\n\t\t\t\t<a data-elementor-open-lightbox=\"yes\" data-elementor-lightbox-slideshow=\"e9f52e9\" data-elementor-lightbox-title=\"broby2022 (8)\" data-e-action-hash=\"#elementor-action%3Aaction%3Dlightbox%26settings%3DeyJpZCI6MTE5OCwidXJsIjoiaHR0cDpcL1wvc2hhci1wZWlrbHViYmVuLmRrXC93cC1jb250ZW50XC91cGxvYWRzXC8yMDI0XC8wM1wvYnJvYnkyMDIyLTguanBlZyIsInNsaWRlc2hvdyI6ImU5ZjUyZTkifQ%3D%3D\" href='https:\/\/pavon.dk\/wp-content\/uploads\/2024\/03\/broby2022-8.jpeg'><img loading=\"lazy\" width=\"150\" height=\"150\" src=\"https:\/\/pavon.dk\/wp-content\/uploads\/2024\/03\/broby2022-8-150x150.jpeg\" alt=\"\" aria-describedby=\"gallery-1-1198\" decoding=\"async\" \/><\/a><figcaption class='wp-caption-text gallery-caption' id='gallery-1-1198'>\n\t\t\t\tBedste Hvalp<br \/>\n\t\t\t\t<\/figcaption><\/figure>\n<p>Resultat fra 12 marts 2022<\/p>\n<p>Bedst i racen &#8211; BIR<br \/>Hefei&#8217;s Macao<\/p>\n<p>Bedst i modsat k\u00f8n &#8211; BIM<br \/>Hafferlaffen The Lady Killer<\/p>\n<p>Bedste hvalp<br \/>Pure Pei&#8217;s Quite The Diva<\/p>\n<p>Bedste mellem<br \/>Hefei&#8217;s Macao<\/p>\n<p>Bedste \u00e5ben<br \/>HouseOfBach`s For Your Eyes Only<\/p>\n<p>Bedste champion<br \/>Hafferlaffen Moon Hoves Honey<\/p>\n<p>Bedste veteran<br \/>Deakie Duchess Of York<\/p>\n","protected":false},"excerpt":{"rendered":"<p>Udstilling i Brobyv\u00e6rk 12 marts 2022 BIR og BIM Bedste Champ Bedste Veteran Bedste \u00c5ben Bedste Mellem Bedste T\u00e6ve Bedste Han Bedste Hvalp Resultat fra 12 marts 2022 Bedst i racen &#8211; BIRHefei&#8217;s Macao Bedst i modsat k\u00f8n &#8211; BIMHafferlaffen The Lady Killer Bedste hvalpPure Pei&#8217;s Quite The Diva Bedste mellemHefei&#8217;s Macao Bedste \u00e5benHouseOfBach`s For [&hellip;]<\/p>\n","protected":false},"author":1,"featured_media":0,"parent":0,"menu_order":0,"comment_status":"closed","ping_status":"closed","template":"","meta":{"ocean_post_layout":"left-sidebar","ocean_both_sidebars_style":"","ocean_both_sidebars_content_width":0,"ocean_both_sidebars_sidebars_width":0,"ocean_sidebar":"ca-sidebar-537","ocean_second_sidebar":"","ocean_disable_margins":"enable","ocean_add_body_class":"","ocean_shortcode_before_top_bar":"","ocean_shortcode_after_top_bar":"","ocean_shortcode_before_header":"","ocean_shortcode_after_header":"","ocean_has_shortcode":"","ocean_shortcode_after_title":"","ocean_shortcode_before_footer_widgets":"","ocean_shortcode_after_footer_widgets":"","ocean_shortcode_before_footer_bottom":"","ocean_shortcode_after_footer_bottom":"","ocean_display_top_bar":"default","ocean_display_header":"default","ocean_header_style":"","ocean_center_header_left_menu":"","ocean_custom_header_template":"","ocean_custom_logo":0,"ocean_custom_retina_logo":0,"ocean_custom_logo_max_width":0,"ocean_custom_logo_tablet_max_width":0,"ocean_custom_logo_mobile_max_width":0,"ocean_custom_logo_max_height":0,"ocean_custom_logo_tablet_max_height":0,"ocean_custom_logo_mobile_max_height":0,"ocean_header_custom_menu":"","ocean_menu_typo_font_family":"","ocean_menu_typo_font_subset":"","ocean_menu_typo_font_size":0,"ocean_menu_typo_font_size_tablet":0,"ocean_menu_typo_font_size_mobile":0,"ocean_menu_typo_font_size_unit":"px","ocean_menu_typo_font_weight":"","ocean_menu_typo_font_weight_tablet":"","ocean_menu_typo_font_weight_mobile":"","ocean_menu_typo_transform":"","ocean_menu_typo_transform_tablet":"","ocean_menu_typo_transform_mobile":"","ocean_menu_typo_line_height":0,"ocean_menu_typo_line_height_tablet":0,"ocean_menu_typo_line_height_mobile":0,"ocean_menu_typo_line_height_unit":"","ocean_menu_typo_spacing":0,"ocean_menu_typo_spacing_tablet":0,"ocean_menu_typo_spacing_mobile":0,"ocean_menu_typo_spacing_unit":"","ocean_menu_link_color":"","ocean_menu_link_color_hover":"","ocean_menu_link_color_active":"","ocean_menu_link_background":"","ocean_menu_link_hover_background":"","ocean_menu_link_active_background":"","ocean_menu_social_links_bg":"","ocean_menu_social_hover_links_bg":"","ocean_menu_social_links_color":"","ocean_menu_social_hover_links_color":"","ocean_disable_title":"default","ocean_disable_heading":"default","ocean_post_title":"","ocean_post_subheading":"","ocean_post_title_style":"","ocean_post_title_background_color":"","ocean_post_title_background":0,"ocean_post_title_bg_image_position":"","ocean_post_title_bg_image_attachment":"","ocean_post_title_bg_image_repeat":"","ocean_post_title_bg_image_size":"","ocean_post_title_height":0,"ocean_post_title_bg_overlay":0.5,"ocean_post_title_bg_overlay_color":"","ocean_disable_breadcrumbs":"default","ocean_breadcrumbs_color":"","ocean_breadcrumbs_separator_color":"","ocean_breadcrumbs_links_color":"","ocean_breadcrumbs_links_hover_color":"","ocean_display_footer_widgets":"default","ocean_display_footer_bottom":"default","ocean_custom_footer_template":"","footnotes":""},"categories":[],"tags":[],"class_list":["post-595","page","type-page","status-publish","hentry","entry"],"_links":{"self":[{"href":"https:\/\/pavon.dk\/index.php?rest_route=\/wp\/v2\/pages\/595","targetHints":{"allow":["GET"]}}],"collection":[{"href":"https:\/\/pavon.dk\/index.php?rest_route=\/wp\/v2\/pages"}],"about":[{"href":"https:\/\/pavon.dk\/index.php?rest_route=\/wp\/v2\/types\/page"}],"author":[{"embeddable":true,"href":"https:\/\/pavon.dk\/index.php?rest_route=\/wp\/v2\/users\/1"}],"replies":[{"embeddable":true,"href":"https:\/\/pavon.dk\/index.php?rest_route=%2Fwp%2Fv2%2Fcomments&post=595"}],"version-history":[{"count":0,"href":"https:\/\/pavon.dk\/index.php?rest_route=\/wp\/v2\/pages\/595\/revisions"}],"wp:attachment":[{"href":"https:\/\/pavon.dk\/index.php?rest_route=%2Fwp%2Fv2%2Fmedia&parent=595"}],"wp:term":[{"taxonomy":"category","embeddable":true,"href":"https:\/\/pavon.dk\/index.php?rest_route=%2Fwp%2Fv2%2Fcategories&post=595"},{"taxonomy":"post_tag","embeddable":true,"href":"https:\/\/pavon.dk\/index.php?rest_route=%2Fwp%2Fv2%2Ftags&post=595"}],"curies":[{"name":"wp","href":"https:\/\/api.w.org\/{rel}","templated":true}]}}